{"id":23274,"date":"2024-11-07T15:13:14","date_gmt":"2024-11-07T14:13:14","guid":{"rendered":"https:\/\/defi4.fr\/?page_id=23274"},"modified":"2026-03-06T10:00:57","modified_gmt":"2026-03-06T09:00:57","slug":"mentions-legales","status":"publish","type":"page","link":"https:\/\/defi4.fr\/en\/mentions-legales\/","title":{"rendered":"Terms of use"},"content":{"rendered":"<div data-elementor-type=\"wp-page\" data-elementor-id=\"23274\" class=\"elementor elementor-23274\">\n\t\t\t\t<div class=\"elementor-element elementor-element-f34a974 e-flex e-con-boxed e-con e-parent\" data-id=\"f34a974\" data-element_type=\"container\" data-e-type=\"container\">\n\t\t\t\t\t<div class=\"e-con-inner\">\n\t\t\t\t<div class=\"elementor-element elementor-element-07251b0 elementor-widget elementor-widget-text-editor\" data-id=\"07251b0\" data-element_type=\"widget\" data-e-type=\"widget\" data-widget_type=\"text-editor.default\">\n\t\t\t\t<div class=\"elementor-widget-container\">\n\t\t\t\t\t\t\t\t\t<h1>Terms of use<\/h1>\n<p><!-- \/wp:heading --><!-- wp:paragraph --><\/p>\n<p>Conform\u00e9ment aux dispositions de la loi n\u00b0 2004-575 du 21 juin 2004 pour la confiance en l&rsquo;\u00e9conomie num\u00e9rique, il est pr\u00e9cis\u00e9 aux utilisateurs du site DEFI4 l&rsquo;identit\u00e9 des diff\u00e9rents intervenants dans le cadre de sa r\u00e9alisation et de son suivi.<\/p>\n<p><!-- \/wp:paragraph --><!-- wp:heading --><\/p>\n<h2>Edition du site<\/h2>\n<p><!-- \/wp:heading --><!-- wp:paragraph --><\/p>\n<p>Le site https:\/\/defi4.fr est \u00e9dit\u00e9 par :<\/p>\n<p>Association DEFI4<\/p>\n<p>Si\u00e8ge social : 2 Rue du Jardin des Traces, 57270 UCKANGE, France<\/p>\n<p>SIRET : 924 251 473 00014 \u2013 Code APE 9412Z<\/p>\n<p>Num\u00e9ro individuel TVA : FR22924251473<\/p>\n<p>Email : <a href=\"mailto:contact@defi4.fr\">contact@defi4.fr<\/a><\/p>\n<p>Directeur de la publication\u00a0: Dominique GEERAERT.<\/p>\n<p><!-- \/wp:paragraph --><!-- wp:heading --><\/p>\n<h2>H\u00e9bergement<\/h2>\n<p><!-- \/wp:heading --><!-- wp:paragraph --><\/p>\n<p>Le site est h\u00e9berg\u00e9 par :<\/p>\n<p>HOSTINGER INTERNATIONAL LTD\u00a0<\/p>\n<p>Adresse : 61 Lordou Vironos Street, 6023 Larnaca, Chypre\u00a0<\/p>\n<p>Site web : https:\/\/www.hostinger.fr\u00a0<\/p>\n<p>Contact : <a href=\"https:\/\/www.hostinger.fr\/contact\" target=\"_blank\" rel=\"noopener\">https:\/\/www.hostinger.fr\/contact<\/a><\/p>\n<p><!-- \/wp:paragraph --><!-- wp:heading --><\/p>\n<h2>Propri\u00e9t\u00e9 intellectuelle<\/h2>\n<p><!-- \/wp:heading --><!-- wp:paragraph --><\/p>\n<p>L\u2019ensemble des contenus (textes, images, graphismes, logo, ic\u00f4nes, etc.) pr\u00e9sents sur le site sont prot\u00e9g\u00e9s par le droit d\u2019auteur et le Code de la propri\u00e9t\u00e9 intellectuelle. Toute reproduction, modification ou utilisation, totale ou partielle, sans autorisation \u00e9crite est interdite.<\/p>\n<p><!-- \/wp:paragraph --><!-- wp:heading --><\/p>\n<h2>Limitation de responsabilit\u00e9<\/h2>\n<p>L\u2019\u00e9diteur ne saurait \u00eatre tenu responsable des erreurs rencontr\u00e9es sur le site, probl\u00e8mes techniques, interpr\u00e9tation des informations publi\u00e9es et cons\u00e9quences de leur utilisation. L\u2019utilisateur reste seul responsable de l\u2019usage qu\u2019il fait des informations disponibles.<\/p>\n<h2>Liens hypertextes<\/h2>\n<p>Le site peut contenir des liens vers d\u2019autres sites dont nous ne ma\u00eetrisons pas le contenu. DEFI4 d\u00e9cline toute responsabilit\u00e9 quant aux informations qui y sont pr\u00e9sent\u00e9es.<\/p>\n<h2>Donn\u00e9es personnelles<\/h2>\n<p>Le traitement de vos donn\u00e9es personnelles est r\u00e9gi par notre Charte de protection des donn\u00e9es personnelles, disponible\u00a0<em><strong><a href=\"https:\/\/defi4.fr\/en\/charte-de-protection-des-donnees-personnelles\/\" target=\"_blank\" rel=\"noopener\">ici<\/a>.<\/strong><\/em><\/p>\n<p><!-- \/wp:paragraph --><\/p>\t\t\t\t\t\t\t\t<\/div>\n\t\t\t\t<\/div>\n\t\t\t\t\t<\/div>\n\t\t\t\t<\/div>\n\t\t\t\t<\/div>","protected":false},"excerpt":{"rendered":"<p>Mentions L\u00e9gales Conform\u00e9ment aux dispositions de la loi n\u00b0 2004-575 du 21 juin 2004 pour la confiance en l&rsquo;\u00e9conomie num\u00e9rique, il est pr\u00e9cis\u00e9 aux utilisateurs du site DEFI4 l&rsquo;identit\u00e9 des diff\u00e9rents intervenants dans le cadre de sa r\u00e9alisation et de &hellip; <\/p>","protected":false},"author":2,"featured_media":0,"parent":0,"menu_order":0,"comment_status":"closed","ping_status":"closed","template":"elementor_header_footer","meta":{"pmpro_default_level":"","_monsterinsights_skip_tracking":false,"_monsterinsights_sitenote_active":false,"_monsterinsights_sitenote_note":"","_monsterinsights_sitenote_category":0,"footnotes":""},"class_list":["post-23274","page","type-page","status-publish","hentry","pmpro-has-access"],"_links":{"self":[{"href":"https:\/\/defi4.fr\/en\/wp-json\/wp\/v2\/pages\/23274","targetHints":{"allow":["GET"]}}],"collection":[{"href":"https:\/\/defi4.fr\/en\/wp-json\/wp\/v2\/pages"}],"about":[{"href":"https:\/\/defi4.fr\/en\/wp-json\/wp\/v2\/types\/page"}],"author":[{"embeddable":true,"href":"https:\/\/defi4.fr\/en\/wp-json\/wp\/v2\/users\/2"}],"replies":[{"embeddable":true,"href":"https:\/\/defi4.fr\/en\/wp-json\/wp\/v2\/comments?post=23274"}],"version-history":[{"count":24,"href":"https:\/\/defi4.fr\/en\/wp-json\/wp\/v2\/pages\/23274\/revisions"}],"predecessor-version":[{"id":25220,"href":"https:\/\/defi4.fr\/en\/wp-json\/wp\/v2\/pages\/23274\/revisions\/25220"}],"wp:attachment":[{"href":"https:\/\/defi4.fr\/en\/wp-json\/wp\/v2\/media?parent=23274"}],"curies":[{"name":"wp","href":"https:\/\/api.w.org\/{rel}","templated":true}]}}