{"id":24067,"date":"2025-01-10T09:57:22","date_gmt":"2025-01-10T08:57:22","guid":{"rendered":"https:\/\/defi4.fr\/?page_id=24067"},"modified":"2025-01-10T10:24:26","modified_gmt":"2025-01-10T09:24:26","slug":"contact","status":"publish","type":"page","link":"https:\/\/defi4.fr\/en\/contact\/","title":{"rendered":"Contact"},"content":{"rendered":"\t\t<div data-elementor-type=\"wp-page\" data-elementor-id=\"24067\" class=\"elementor elementor-24067\">\n\t\t\t\t<div class=\"elementor-element elementor-element-f719e46 e-flex e-con-boxed e-con e-parent\" data-id=\"f719e46\" data-element_type=\"container\" data-e-type=\"container\" data-settings=\"{&quot;background_background&quot;:&quot;classic&quot;}\">\n\t\t\t\t\t<div class=\"e-con-inner\">\n\t\t\t\t<div class=\"elementor-element elementor-element-9b92178 thim-ekits-heading-text-left elementor-widget__width-inherit thim-ekits-heading--mobiletext-center elementor-widget thim-ekits-heading elementor-widget-thim-heading\" data-id=\"9b92178\" data-element_type=\"widget\" data-e-type=\"widget\" data-widget_type=\"thim-heading.default\">\n\t\t\t\t<div class=\"elementor-widget-container\">\n\t\t\t\t\t<div class=\"sc_heading text-left\"><h1 class=\"title\">Contact <\/h1><div class=\"sub-heading\"><p>Int\u00e9ress\u00e9 par l'un de nos parcours, modules ou solutions sur mesure, pour <\/p>\n<p>accompagner votre transformation digitale ou d\u00e9carbon\u00e9e ?<\/p>\n<p>Inscrivez-vous \u00e0 notre Newsletter !<\/p>\n<\/div><\/div>\t\t\t\t<\/div>\n\t\t\t\t<\/div>\n\t\t\t\t\t<\/div>\n\t\t\t\t<\/div>\n\t\t<div class=\"elementor-element elementor-element-0516957 e-flex e-con-boxed e-con e-parent\" data-id=\"0516957\" data-element_type=\"container\" data-e-type=\"container\">\n\t\t\t\t\t<div class=\"e-con-inner\">\n\t\t\t\t<div class=\"elementor-element elementor-element-02eab2d elementor-widget elementor-widget-image\" data-id=\"02eab2d\" data-element_type=\"widget\" data-e-type=\"widget\" data-widget_type=\"image.default\">\n\t\t\t\t<div class=\"elementor-widget-container\">\n\t\t\t\t\t\t\t\t\t\t\t\t\t\t\t<img fetchpriority=\"high\" decoding=\"async\" width=\"295\" height=\"300\" src=\"https:\/\/defi4.fr\/wp-content\/uploads\/2024\/09\/Dom-en-rond-e1727353095373-295x300.png\" class=\"attachment-medium size-medium wp-image-22555\" alt=\"\" srcset=\"https:\/\/defi4.fr\/wp-content\/uploads\/2024\/09\/Dom-en-rond-e1727353095373-295x300.png 295w, https:\/\/defi4.fr\/wp-content\/uploads\/2024\/09\/Dom-en-rond-e1727353095373.png 393w\" sizes=\"(max-width: 295px) 100vw, 295px\" \/>\t\t\t\t\t\t\t\t\t\t\t\t\t\t\t<\/div>\n\t\t\t\t<\/div>\n\t\t<div class=\"elementor-element elementor-element-1d9f519 e-con-full e-flex e-con e-child\" data-id=\"1d9f519\" data-element_type=\"container\" data-e-type=\"container\">\n\t\t\t\t<div class=\"elementor-element elementor-element-6ab7091 thim-ekits-heading-text-center elementor-widget thim-ekits-heading elementor-widget-thim-heading\" data-id=\"6ab7091\" data-element_type=\"widget\" data-e-type=\"widget\" data-widget_type=\"thim-heading.default\">\n\t\t\t\t<div class=\"elementor-widget-container\">\n\t\t\t\t\t<div class=\"sc_heading text-center\"><h3 class=\"title\">Dominique Geeraert <\/h3><div class=\"sub-heading\"><p>Pr\u00e9sident de DEFI4<\/p>\n<\/div><\/div>\t\t\t\t<\/div>\n\t\t\t\t<\/div>\n\t\t\t\t<div class=\"elementor-element elementor-element-782bed4 elementor-align-center elementor-mobile-align-start elementor-list-item-link-inline elementor-icon-list--layout-traditional elementor-widget elementor-widget-icon-list\" data-id=\"782bed4\" data-element_type=\"widget\" data-e-type=\"widget\" data-widget_type=\"icon-list.default\">\n\t\t\t\t<div class=\"elementor-widget-container\">\n\t\t\t\t\t\t\t<ul class=\"elementor-icon-list-items\">\n\t\t\t\t\t\t\t<li class=\"elementor-icon-list-item\">\n\t\t\t\t\t\t\t\t\t\t\t<a href=\"https:\/\/linkedin.com\/company\/defi4\" target=\"_blank\" rel=\"noopener\">\n\n\t\t\t\t\t\t\t\t\t\t\t\t<span class=\"elementor-icon-list-icon\">\n\t\t\t\t\t\t\t<i aria-hidden=\"true\" class=\"fab fa-linkedin\"><\/i>\t\t\t\t\t\t<\/span>\n\t\t\t\t\t\t\t\t\t\t<span class=\"elementor-icon-list-text\">linkedin.com\/company\/defi4<\/span>\n\t\t\t\t\t\t\t\t\t\t\t<\/a>\n\t\t\t\t\t\t\t\t\t<\/li>\n\t\t\t\t\t\t<\/ul>\n\t\t\t\t\t\t<\/div>\n\t\t\t\t<\/div>\n\t\t\t\t<div class=\"elementor-element elementor-element-d2b4318 elementor-widget elementor-widget-image\" data-id=\"d2b4318\" data-element_type=\"widget\" data-e-type=\"widget\" data-widget_type=\"image.default\">\n\t\t\t\t<div class=\"elementor-widget-container\">\n\t\t\t\t\t\t\t\t\t\t\t\t\t\t\t<img decoding=\"async\" width=\"150\" height=\"150\" src=\"https:\/\/defi4.fr\/wp-content\/uploads\/2024\/09\/QR-CODE-LINKEDIN-DEFI4-150x150.png\" class=\"attachment-thumbnail size-thumbnail wp-image-22556\" alt=\"\" srcset=\"https:\/\/defi4.fr\/wp-content\/uploads\/2024\/09\/QR-CODE-LINKEDIN-DEFI4-150x150.png 150w, https:\/\/defi4.fr\/wp-content\/uploads\/2024\/09\/QR-CODE-LINKEDIN-DEFI4-100x100.png 100w, https:\/\/defi4.fr\/wp-content\/uploads\/2024\/09\/QR-CODE-LINKEDIN-DEFI4.png 300w\" sizes=\"(max-width: 150px) 100vw, 150px\" \/>\t\t\t\t\t\t\t\t\t\t\t\t\t\t\t<\/div>\n\t\t\t\t<\/div>\n\t\t\t\t<\/div>\n\t\t<div class=\"elementor-element elementor-element-98083fe e-con-full e-flex e-con e-child\" data-id=\"98083fe\" data-element_type=\"container\" data-e-type=\"container\">\n\t\t\t\t<div class=\"elementor-element elementor-element-525aaf5 elementor-widget elementor-widget-heading\" data-id=\"525aaf5\" data-element_type=\"widget\" data-e-type=\"widget\" data-widget_type=\"heading.default\">\n\t\t\t\t<div class=\"elementor-widget-container\">\n\t\t\t\t\t<h2 class=\"elementor-heading-title elementor-size-default\">Inscrivez-vous \u00e0 notre Newsletter<\/h2>\t\t\t\t<\/div>\n\t\t\t\t<\/div>\n\t\t\t\t<div class=\"elementor-element elementor-element-f012327 elementor-widget elementor-widget-shortcode\" data-id=\"f012327\" data-element_type=\"widget\" data-e-type=\"widget\" data-widget_type=\"shortcode.default\">\n\t\t\t\t<div class=\"elementor-widget-container\">\n\t\t\t\t\t\t\t<div class=\"elementor-shortcode\">\n\t\t\t<form id=\"sib_signup_form_1\" method=\"post\" class=\"sib_signup_form\">\n\t\t\t\t<div class=\"sib_loader\" style=\"display:none;\"><img\n\t\t\t\t\t\t\tsrc=\"https:\/\/defi4.fr\/wp-includes\/images\/spinner.gif\" alt=\"loader\"><\/div>\n\t\t\t\t<input type=\"hidden\" name=\"sib_form_action\" value=\"subscribe_form_submit\">\n\t\t\t\t<input type=\"hidden\" name=\"sib_form_id\" value=\"1\">\n                <input type=\"hidden\" name=\"sib_form_alert_notice\" value=\"Merci de remplir ce champ\">\n                <input type=\"hidden\" name=\"sib_form_invalid_email_notice\" value=\"Votre adresse email n&#039;est pas valide\">\n                <input type=\"hidden\" name=\"sib_security\" value=\"2cceafa4d1\">\n\t\t\t\t<div class=\"sib_signup_box_inside_1\">\n\t\t\t\t\t<div style=\"\/*display:none*\/\" class=\"sib_msg_disp\">\n\t\t\t\t\t<\/div>\n                    \t\t\t\t\t<div class=\"form-container\">\r\n  <p class=\"sib-email-area\">\r\n    <label class=\"sib-email-area\">Adresse mail *<\/label>\r\n    <input type=\"email\" class=\"sib-email-area\" name=\"email\" placeholder=\"\" value=\"\" required=\"required\">\r\n  <\/p>\r\n  <p class=\"sib-NOM-area\">\r\n    <label class=\"sib-NOM-area\">Nom *<\/label>\r\n    <input type=\"text\" class=\"sib-NOM-area\" name=\"NOM\" required=\"required\">\r\n  <\/p>\r\n  <p class=\"sib-PRENOM-area\">\r\n    <label class=\"sib-PRENOM-area\">Pr\u00e9nom *<\/label>\r\n    <input type=\"text\" class=\"sib-PRENOM-area\" name=\"PRENOM\" required=\"required\">\r\n  <\/p>\r\n  <p class=\"sib-ENTREPRISE-area\">\r\n    <label class=\"sib-ENTREPRISE-area\">Soci\u00e9t\u00e9 *<\/label>\r\n    <input type=\"text\" class=\"sib-ENTREPRISE-area\" name=\"ENTREPRISE\" required=\"required\">\r\n  <\/p>\r\n  <div class=\"checkbox-container\">\r\n    <input type=\"checkbox\" name=\"terms\" required=\"required\">\r\n\u00a0 \u00a0 J'ai lu et j'accepte la p<a href=\"https:\/\/defi4.fr\/politique-de-confidentialite\/\"> olitique de confidentialit\u00e9<\/a>\r\n  <\/div>\r\n  <br>\r\n  <button type=\"submit\">S'inscrire<\/button>\r\n<\/div>\t\t\t\t<\/div>\n\t\t\t<\/form>\n\t\t\t<style>\n\t\t\t\t\/* Styles for the newsletter form *\/ .form-container { display: flex; flex-direction: column; width: 100%; \/* Form container takes full width *\/ align-items: center; \/* Centers elements horizontally *\/ } .sib-email-area, .sib-PRENOM-area, .sib-NOM-area, .sib-ENTREPRISE-area { margin-bottom: 10px; text-align: justify; \/* Justifies text within each section *\/ } label { display: block; margin-bottom: 5px; color: #18234E; } input[type=&quot;text&quot;], input[type=&quot;email&quot;] { width: 80%; \/* Adjust width as needed *\/ padding: 10px; border: 1px solid #ccc; border-radius: 4px; height: 30px; } .checkbox-container { display: flex; align-items: center; } .checkbox-container input[type=&quot;checkbox&quot;] { margin-right: 10px; } button[type=&quot;submit&quot;] { background-color: #18234E; color: white; padding: 10px 20px; border: none; border-radius: 4px; cursor: pointer; }form#sib_signup_form_1 p.sib-alert-message {\n    padding: 6px 12px;\n    margin-bottom: 20px;\n    border: 1px solid transparent;\n    border-radius: 4px;\n    -webkit-box-sizing: border-box;\n    -moz-box-sizing: border-box;\n    box-sizing: border-box;\n}\nform#sib_signup_form_1 p.sib-alert-message-error {\n    background-color: #f2dede;\n    border-color: #ebccd1;\n    color: #a94442;\n}\nform#sib_signup_form_1 p.sib-alert-message-success {\n    background-color: #dff0d8;\n    border-color: #d6e9c6;\n    color: #3c763d;\n}\nform#sib_signup_form_1 p.sib-alert-message-warning {\n    background-color: #fcf8e3;\n    border-color: #faebcc;\n    color: #8a6d3b;\n}\n\t\t\t<\/style>\n\t\t\t<\/div>\n\t\t\t\t\t\t<\/div>\n\t\t\t\t<\/div>\n\t\t\t\t<\/div>\n\t\t\t\t\t<\/div>\n\t\t\t\t<\/div>\n\t\t\t\t<\/div>\n\t\t","protected":false},"excerpt":{"rendered":"<p>Contact Int\u00e9ress\u00e9 par l&rsquo;un de nos parcours, modules ou solutions sur mesure, pour accompagner votre transformation digitale ou d\u00e9carbon\u00e9e ? Inscrivez-vous \u00e0 notre Newsletter ! Dominique Geeraert Pr\u00e9sident de DEFI4 linkedin.com\/company\/defi4 Inscrivez-vous \u00e0 notre Newsletter<\/p>","protected":false},"author":2,"featured_media":0,"parent":0,"menu_order":0,"comment_status":"closed","ping_status":"closed","template":"elementor_header_footer","meta":{"pmpro_default_level":"","_monsterinsights_skip_tracking":false,"_monsterinsights_sitenote_active":false,"_monsterinsights_sitenote_note":"","_monsterinsights_sitenote_category":0,"footnotes":""},"class_list":["post-24067","page","type-page","status-publish","hentry","pmpro-has-access"],"_links":{"self":[{"href":"https:\/\/defi4.fr\/en\/wp-json\/wp\/v2\/pages\/24067","targetHints":{"allow":["GET"]}}],"collection":[{"href":"https:\/\/defi4.fr\/en\/wp-json\/wp\/v2\/pages"}],"about":[{"href":"https:\/\/defi4.fr\/en\/wp-json\/wp\/v2\/types\/page"}],"author":[{"embeddable":true,"href":"https:\/\/defi4.fr\/en\/wp-json\/wp\/v2\/users\/2"}],"replies":[{"embeddable":true,"href":"https:\/\/defi4.fr\/en\/wp-json\/wp\/v2\/comments?post=24067"}],"version-history":[{"count":20,"href":"https:\/\/defi4.fr\/en\/wp-json\/wp\/v2\/pages\/24067\/revisions"}],"predecessor-version":[{"id":24094,"href":"https:\/\/defi4.fr\/en\/wp-json\/wp\/v2\/pages\/24067\/revisions\/24094"}],"wp:attachment":[{"href":"https:\/\/defi4.fr\/en\/wp-json\/wp\/v2\/media?parent=24067"}],"curies":[{"name":"wp","href":"https:\/\/api.w.org\/{rel}","templated":true}]}}