{"id":24602,"date":"2025-09-09T10:05:35","date_gmt":"2025-09-09T08:05:35","guid":{"rendered":"https:\/\/defi4.fr\/?page_id=24602"},"modified":"2025-10-01T16:23:57","modified_gmt":"2025-10-01T14:23:57","slug":"cgu","status":"publish","type":"page","link":"https:\/\/defi4.fr\/en\/cgu\/","title":{"rendered":"CGU"},"content":{"rendered":"<div data-elementor-type=\"wp-page\" data-elementor-id=\"24602\" class=\"elementor elementor-24602\">\n\t\t\t\t<div class=\"elementor-element elementor-element-fffb611 e-flex e-con-boxed e-con e-parent\" data-id=\"fffb611\" data-element_type=\"container\" data-e-type=\"container\">\n\t\t\t\t\t<div class=\"e-con-inner\">\n\t\t\t\t<div class=\"elementor-element elementor-element-27c7797 elementor-widget elementor-widget-n-accordion\" data-id=\"27c7797\" data-element_type=\"widget\" data-e-type=\"widget\" data-settings=\"{&quot;default_state&quot;:&quot;expanded&quot;,&quot;max_items_expended&quot;:&quot;one&quot;,&quot;n_accordion_animation_duration&quot;:{&quot;unit&quot;:&quot;ms&quot;,&quot;size&quot;:400,&quot;sizes&quot;:[]}}\" data-widget_type=\"nested-accordion.default\">\n\t\t\t\t<div class=\"elementor-widget-container\">\n\t\t\t\t\t\t\t<div class=\"e-n-accordion\" aria-label=\"Accordion. Open links with Enter or Space, close with Escape, and navigate with Arrow Keys\">\n\t\t\t\t\t\t<details id=\"e-n-accordion-item-4170\" class=\"e-n-accordion-item\" open>\n\t\t\t\t<summary class=\"e-n-accordion-item-title\" data-accordion-index=\"1\" tabindex=\"0\" aria-expanded=\"true\" aria-controls=\"e-n-accordion-item-4170\" >\n\t\t\t\t\t<span class='e-n-accordion-item-title-header'><div class=\"e-n-accordion-item-title-text\"> Terms of use <\/div><\/span>\n\t\t\t\t\t\t\t<span class='e-n-accordion-item-title-icon'>\n\t\t\t<span class='e-opened' ><i aria-hidden=\"true\" class=\"fas fa-minus\"><\/i><\/span>\n\t\t\t<span class='e-closed'><i aria-hidden=\"true\" class=\"fas fa-plus\"><\/i><\/span>\n\t\t<\/span>\n\n\t\t\t\t\t\t<\/summary>\n\t\t\t\t<div role=\"region\" aria-labelledby=\"e-n-accordion-item-4170\" class=\"elementor-element elementor-element-6eb2376 e-con-full e-flex e-con e-child\" data-id=\"6eb2376\" data-element_type=\"container\" data-e-type=\"container\">\n\t\t<div role=\"region\" aria-labelledby=\"e-n-accordion-item-4170\" class=\"elementor-element elementor-element-8a73ac9 e-flex e-con-boxed e-con e-child\" data-id=\"8a73ac9\" data-element_type=\"container\" data-e-type=\"container\">\n\t\t\t\t\t<div class=\"e-con-inner\">\n\t\t\t\t<div class=\"elementor-element elementor-element-e4cde72 elementor-widget elementor-widget-text-editor\" data-id=\"e4cde72\" data-element_type=\"widget\" data-e-type=\"widget\" data-widget_type=\"text-editor.default\">\n\t\t\t\t<div class=\"elementor-widget-container\">\n\t\t\t\t\t\t\t\t\t<p>Conform\u00e9ment aux dispositions de la loi n\u00b0 2004-575 du 21 juin 2004 pour la confiance en l&rsquo;\u00e9conomie num\u00e9rique, il est pr\u00e9cis\u00e9 aux utilisateurs du site DEFI4 l&rsquo;identit\u00e9 des diff\u00e9rents intervenants dans le cadre de sa r\u00e9alisation et de son suivi.<\/p>\n<p><!-- \/wp:paragraph --><!-- wp:heading --><\/p>\n<h2>Edition du site<\/h2>\n<p><!-- \/wp:heading --><!-- wp:paragraph --><\/p>\n<p>Le site https:\/\/defi4.fr est \u00e9dit\u00e9 par :<\/p>\n<p>Association DEFI4<\/p>\n<p>Si\u00e8ge social : 2 Rue du Jardin des Traces, 57120 UCKANGE, France<\/p>\n<p>SIRET : 924 251 473 00014 \u2013 Code APE 9412Z<\/p>\n<p>Num\u00e9ro individuel TVA : FR22924251473<\/p>\n<p>Email : <a href=\"mailto:contact@defi4.fr\">contact@defi4.fr<\/a><\/p>\n<p>Directeur de la publication\u00a0: Dominique GEERAERT.<\/p>\n<p><!-- \/wp:paragraph --><!-- wp:heading --><\/p>\n<h2>H\u00e9bergement<\/h2>\n<p><!-- \/wp:heading --><!-- wp:paragraph --><\/p>\n<p>Le site est h\u00e9berg\u00e9 par :<\/p>\n<p>HOSTINGER INTERNATIONAL LTD\u00a0<\/p>\n<p>Adresse : 61 Lordou Vironos Street, 6023 Larnaca, Chypre\u00a0<\/p>\n<p>Site web : https:\/\/www.hostinger.fr\u00a0<\/p>\n<p>Contact : <a href=\"https:\/\/www.hostinger.fr\/contact\" target=\"_blank\" rel=\"noopener\">https:\/\/www.hostinger.fr\/contact<\/a><\/p>\n<p><!-- \/wp:paragraph --><!-- wp:heading --><\/p>\n<h2>Propri\u00e9t\u00e9 intellectuelle<\/h2>\n<p><!-- \/wp:heading --><!-- wp:paragraph --><\/p>\n<p>L\u2019ensemble des contenus (textes, images, graphismes, logo, ic\u00f4nes, etc.) pr\u00e9sents sur le site sont prot\u00e9g\u00e9s par le droit d\u2019auteur et le Code de la propri\u00e9t\u00e9 intellectuelle. Toute reproduction, modification ou utilisation, totale ou partielle, sans autorisation \u00e9crite est interdite.<\/p>\n<p><!-- \/wp:paragraph --><!-- wp:heading --><\/p>\n<h2>Limitation de responsabilit\u00e9<\/h2>\n<p>L\u2019\u00e9diteur ne saurait \u00eatre tenu responsable des erreurs rencontr\u00e9es sur le site, probl\u00e8mes techniques, interpr\u00e9tation des informations publi\u00e9es et cons\u00e9quences de leur utilisation. L\u2019utilisateur reste seul responsable de l\u2019usage qu\u2019il fait des informations disponibles.<\/p>\n<h2>Liens hypertextes<\/h2>\n<p>Le site peut contenir des liens vers d\u2019autres sites dont nous ne ma\u00eetrisons pas le contenu. DEFI4 d\u00e9cline toute responsabilit\u00e9 quant aux informations qui y sont pr\u00e9sent\u00e9es.<\/p>\n<h2>Donn\u00e9es personnelles<\/h2>\n<p>Le traitement de vos donn\u00e9es personnelles est r\u00e9gi par notre Charte de protection des donn\u00e9es personnelles, disponible\u00a0<em><strong><a href=\"https:\/\/defi4.fr\/en\/charte-de-protection-des-donnees-personnelles\/\" target=\"_blank\" rel=\"noopener\">ici<\/a>.<\/strong><\/em><\/p>\n<p><!-- \/wp:paragraph --><\/p>\t\t\t\t\t\t\t\t<\/div>\n\t\t\t\t<\/div>\n\t\t\t\t\t<\/div>\n\t\t\t\t<\/div>\n\t\t\t\t<\/div>\n\t\t\t\t\t<\/details>\n\t\t\t\t\t\t<details id=\"e-n-accordion-item-4171\" class=\"e-n-accordion-item\" >\n\t\t\t\t<summary class=\"e-n-accordion-item-title\" data-accordion-index=\"2\" tabindex=\"-1\" aria-expanded=\"false\" aria-controls=\"e-n-accordion-item-4171\" >\n\t\t\t\t\t<span class='e-n-accordion-item-title-header'><div class=\"e-n-accordion-item-title-text\"> Charte de protection des donn\u00e9es personnelles <\/div><\/span>\n\t\t\t\t\t\t\t<span class='e-n-accordion-item-title-icon'>\n\t\t\t<span class='e-opened' ><i aria-hidden=\"true\" class=\"fas fa-minus\"><\/i><\/span>\n\t\t\t<span class='e-closed'><i aria-hidden=\"true\" class=\"fas fa-plus\"><\/i><\/span>\n\t\t<\/span>\n\n\t\t\t\t\t\t<\/summary>\n\t\t\t\t<div role=\"region\" aria-labelledby=\"e-n-accordion-item-4171\" class=\"elementor-element elementor-element-e6d1355 e-con-full e-flex e-con e-child\" data-id=\"e6d1355\" data-element_type=\"container\" data-e-type=\"container\">\n\t\t<div role=\"region\" aria-labelledby=\"e-n-accordion-item-4171\" class=\"elementor-element elementor-element-6402996 e-flex e-con-boxed e-con e-child\" data-id=\"6402996\" data-element_type=\"container\" data-e-type=\"container\">\n\t\t\t\t\t<div class=\"e-con-inner\">\n\t\t\t\t<div class=\"elementor-element elementor-element-0a36233 elementor-widget elementor-widget-text-editor\" data-id=\"0a36233\" data-element_type=\"widget\" data-e-type=\"widget\" data-widget_type=\"text-editor.default\">\n\t\t\t\t<div class=\"elementor-widget-container\">\n\t\t\t\t\t\t\t\t\t<p>Derni\u00e8re mise \u00e0 jour : 14 Ao\u00f9t 2025<\/p>\n<p>Association DEFI4 \u2013 Rue du Jardin des Traces, 57120 UCKANGE \u2013 contact@defi4.fr \u2013 www.defi4.fr<\/p>\n<p>SIRET : 924 251 473 00014 \u2013 Code APE 9412Z<\/p>\n<p>D\u00e9claration d\u2019activit\u00e9 enregistr\u00e9e sous le n\u00b0 44570473957 aupr\u00e8s du Pr\u00e9fet de la r\u00e9gion Grand Est<\/p>\n<h2>Pr\u00e9ambule<\/h2>\n<p>Dans le cadre de ses missions, DEFI4 attache une importance particuli\u00e8re \u00e0 la protection des donn\u00e9es \u00e0 caract\u00e8re personnel.\u00a0<\/p>\n<p>La pr\u00e9sente charte a pour objectif d\u2019informer de mani\u00e8re transparente sur la mani\u00e8re dont sont collect\u00e9es, utilis\u00e9es, conserv\u00e9es et prot\u00e9g\u00e9es les donn\u00e9es personnelles, conform\u00e9ment au R\u00e8glement G\u00e9n\u00e9ral sur la Protection des Donn\u00e9es (RGPD \u2013 UE 2016\/679) et \u00e0 la loi Informatique et Libert\u00e9s.<\/p>\n<h2>Champ d\u2019application<\/h2>\n<p>Cette charte s\u2019applique \u00e0 tous les traitements de donn\u00e9es personnelles r\u00e9alis\u00e9s par DEFI4, notamment dans le cadre :<\/p>\n<p>&#8211; Des formations dispens\u00e9es<\/p>\n<p>&#8211; Des \u00e9v\u00e9nements organis\u00e9s<\/p>\n<p>&#8211; Des communications institutionnelles (newsletter, invitations)<\/p>\n<p>&#8211; De la gestion administrative et p\u00e9dagogique<\/p>\n<p>&#8211; De l\u2019utilisation du site internet https:\/\/defi4.fr<\/p>\n<h2>Responsable du traitement<\/h2>\n<p>Association DEFI4<\/p>\n<p>Repr\u00e9sent\u00e9e par : Dominique GEERAERT<\/p>\n<p>Email : contact@defi4.fr<\/p>\n<h2>Donn\u00e9es collect\u00e9es<\/h2>\n<p>Les donn\u00e9es susceptibles d\u2019\u00eatre collect\u00e9es incluent :<\/p>\n<p>&#8211; Donn\u00e9es d\u2019identification : nom, pr\u00e9nom, civilit\u00e9, fonction, entreprise, matricule<\/p>\n<p>&#8211; Coordonn\u00e9es professionnelles : email, t\u00e9l\u00e9phone<\/p>\n<p>&#8211; Donn\u00e9es li\u00e9es \u00e0 la formation : feuilles d\u2019\u00e9margement, attestations, \u00e9valuations<\/p>\n<p>&#8211; Donn\u00e9es d\u2019image : photos ou vid\u00e9os lors des sessions ou \u00e9v\u00e9nements<\/p>\n<p>&#8211; Donn\u00e9es techniques : adresse IP, cookies, logs de connexion<\/p>\n<p>&#8211; Donn\u00e9es de communication : abonnement \u00e0 la newsletter<\/p>\n<h2>Finalit\u00e9s des traitements<\/h2>\n<p>Les donn\u00e9es sont collect\u00e9es pour :<\/p>\n<p>&#8211; Organiser et suivre les actions de formation<\/p>\n<p>&#8211; Assurer la gestion administrative et r\u00e9glementaire<\/p>\n<p>&#8211; Produire des justificatifs pour les financeurs<\/p>\n<p>&#8211; \u00c9valuer la qualit\u00e9 des actions<\/p>\n<p>&#8211; Communiquer sur nos activit\u00e9s<\/p>\n<h2>Base l\u00e9gale<\/h2>\n<p>Les traitements reposent sur :<\/p>\n<p>&#8211; L\u2019ex\u00e9cution d\u2019un contrat (inscription \u00e0 une formation, adh\u00e9sion)<\/p>\n<p>&#8211; Le respect d\u2019obligations l\u00e9gales (justificatifs OPCO, fiscalit\u00e9)<\/p>\n<p>&#8211; Le consentement (usage de l\u2019image, newsletter)<\/p>\n<p>&#8211; L\u2019int\u00e9r\u00eat l\u00e9gitime de DEFI4 dans l\u2019exercice de ses missions<\/p>\n<h2>Droit \u00e0 l\u2019image<span style=\"color: #444444; font-family: Inter, sans-serif; font-size: 16px; font-weight: 400;\">\u00a0<\/span><\/h2>\n<p>Le retrait du consentement est possible \u00e0 tout moment par simple demande.<\/p>\n<h2>Dur\u00e9e de conservation<\/h2>\n<p>&#8211; Documents administratifs de formation : 5 ans<\/p>\n<p>&#8211; Newsletter : jusqu\u2019\u00e0 d\u00e9sinscription<\/p>\n<p>&#8211; Captations visuelles : jusqu\u2019au retrait du consentement<\/p>\n<p>&#8211; Donn\u00e9es techniques (cookies, logs) : dur\u00e9e l\u00e9gale en vigueur<\/p>\n<h2>Droits des personnes<\/h2>\n<p>Conform\u00e9ment au RGPD, vous disposez :<\/p>\n<p>&#8211; D\u2019un droit d\u2019acc\u00e8s, rectification, effacement<\/p>\n<p>&#8211; D\u2019un droit \u00e0 la limitation ou opposition au traitement<\/p>\n<p>&#8211; D\u2019un droit \u00e0 la portabilit\u00e9 des donn\u00e9es<\/p>\n<p>&#8211; Du droit de retirer votre consentement \u00e0 tout moment<\/p>\n<h2>Modalit\u00e9s d\u2019exercice<\/h2>\n<p>Pour exercer vos droits :<\/p>\n<p>&#8211; Par email : contact@defi4.fr<\/p>\n<p>&#8211; Par courrier :DEFI4 Rue du Jardin des Traces, 57270 UCKANGE<\/p>\n<p>R\u00e9ponse dans un d\u00e9lai maximal de 30 jours.\u00a0<\/p>\n<p>En cas de d\u00e9saccord, vous pouvez saisir la\u00a0<a href=\"http:\/\/www.cnil.fr\" target=\"_blank\" rel=\"noopener\">CNIL<\/a>\u00a0: www.cnil.fr<\/p>\n<h2>Security<\/h2>\n<p>DEFI4 met en \u0153uvre des mesures techniques et organisationnelles appropri\u00e9es pour prot\u00e9ger les donn\u00e9es (acc\u00e8s restreint, h\u00e9bergement s\u00e9curis\u00e9, sauvegardes r\u00e9guli\u00e8res, chiffrement des \u00e9changes).<\/p>\n<h2>Transferts hors UE<\/h2>\n<p>Aucun transfert de donn\u00e9es en dehors de l\u2019Union Europ\u00e9enne n\u2019est effectu\u00e9, sauf obligation l\u00e9gale ou contractuelle d\u00fbment encadr\u00e9e par des garanties appropri\u00e9es.<\/p>\n<h2>Mise \u00e0 jour<\/h2>\n<p><!-- \/wp:paragraph --><\/p>\n<p>Cette charte pourra \u00eatre modifi\u00e9e pour tenir compte des \u00e9volutions l\u00e9gales ou organisationnelles.\u00a0<br \/>En cas de modification substantielle, les personnes concern\u00e9es seront inform\u00e9es par email ou via notre site internet.<\/p>\n<p><!-- \/wp:paragraph --><\/p>\t\t\t\t\t\t\t\t<\/div>\n\t\t\t\t<\/div>\n\t\t\t\t\t<\/div>\n\t\t\t\t<\/div>\n\t\t\t\t<\/div>\n\t\t\t\t\t<\/details>\n\t\t\t\t\t\t<details id=\"e-n-accordion-item-4172\" class=\"e-n-accordion-item\" >\n\t\t\t\t<summary class=\"e-n-accordion-item-title\" data-accordion-index=\"3\" tabindex=\"-1\" aria-expanded=\"false\" aria-controls=\"e-n-accordion-item-4172\" >\n\t\t\t\t\t<span class='e-n-accordion-item-title-header'><div class=\"e-n-accordion-item-title-text\"> Politiques De Confidentialit\u00e9 <\/div><\/span>\n\t\t\t\t\t\t\t<span class='e-n-accordion-item-title-icon'>\n\t\t\t<span class='e-opened' ><i aria-hidden=\"true\" class=\"fas fa-minus\"><\/i><\/span>\n\t\t\t<span class='e-closed'><i aria-hidden=\"true\" class=\"fas fa-plus\"><\/i><\/span>\n\t\t<\/span>\n\n\t\t\t\t\t\t<\/summary>\n\t\t\t\t<div role=\"region\" aria-labelledby=\"e-n-accordion-item-4172\" class=\"elementor-element elementor-element-f07fb2f e-con-full e-flex e-con e-child\" data-id=\"f07fb2f\" data-element_type=\"container\" data-e-type=\"container\">\n\t\t<div role=\"region\" aria-labelledby=\"e-n-accordion-item-4172\" class=\"elementor-element elementor-element-eac0420 e-flex e-con-boxed e-con e-child\" data-id=\"eac0420\" data-element_type=\"container\" data-e-type=\"container\">\n\t\t\t\t\t<div class=\"e-con-inner\">\n\t\t\t\t<div class=\"elementor-element elementor-element-fe222ab elementor-widget elementor-widget-text-editor\" data-id=\"fe222ab\" data-element_type=\"widget\" data-e-type=\"widget\" data-widget_type=\"text-editor.default\">\n\t\t\t\t<div class=\"elementor-widget-container\">\n\t\t\t\t\t\t\t\t\t<h1><span style=\"color: #444444; font-family: Inter, sans-serif; font-size: 16px; font-weight: 400;\">La pr\u00e9sente politique de confidentialit\u00e9 a pour objectif d\u2019informer les utilisateurs du site https:\/\/defi4.fr sur la mani\u00e8re dont leurs donn\u00e9es personnelles sont collect\u00e9es, utilis\u00e9es et prot\u00e9g\u00e9es, conform\u00e9ment au R\u00e8glement G\u00e9n\u00e9ral sur la Protection des Donn\u00e9es (RGPD).<\/span><\/h1>\n<h2>Responsable du traitement<\/h2>\n<p>Association DEFI4<\/p>\n<p>SIRET : 924 251 473 00014 \u2013\u00a0 \u2013 Code APE 9412Z<\/p>\n<p>Si\u00e8ge social : 2 Rue du Jardin des Traces, 57120 UCKANGE, France<\/p>\n<p>Email : contact@defi4.fr<\/p>\n<h2>Donn\u00e9es collect\u00e9es via le site<\/h2>\n<p>Nous pouvons collecter les donn\u00e9es suivantes :<\/p>\n<p>&#8211; Donn\u00e9es saisies dans les formulaires de contact ou d\u2019inscription<\/p>\n<p>&#8211; Informations li\u00e9es aux commentaires (nom, email, adresse IP)<\/p>\n<p>&#8211; Donn\u00e9es techniques de navigation (cookies, adresse IP, type de navigateur)<\/p>\n<p>&#8211; Contenus multim\u00e9dias t\u00e9l\u00e9vers\u00e9s (images, documents)<\/p>\n<p>Pour plus d\u2019informations, consultez notre\u00a0<a style=\"background-color: #ffffff; color: #18234e;\" href=\"https:\/\/defi4.fr\/en\/charte-de-protection-des-donnees-personnelles\/\" target=\"_blank\" rel=\"noopener\">Charte RGPD<\/a>\u00a0compl\u00e8te.<\/p>\n<h2>Cookies<\/h2>\n<p>Le site utilise des cookies pour am\u00e9liorer votre exp\u00e9rience, m\u00e9moriser vos pr\u00e9f\u00e9rences et mesurer l\u2019audience.<\/p>\n<p>Vous pouvez configurer votre navigateur pour refuser les cookies ou \u00eatre averti de leur d\u00e9p\u00f4t.<\/p>\n<p>Pour plus de d\u00e9tails sur les cookies utilis\u00e9s, consultez notre\u00a0<a href=\"https:\/\/defi4.fr\/en\/charte-de-protection-des-donnees-personnelles\/\" target=\"_blank\" rel=\"noopener\">Charte RGPD<\/a>\u00a0compl\u00e8te.<\/p>\n<h2>Utilisation des donn\u00e9es<\/h2>\n<p>Les donn\u00e9es collect\u00e9es sont utilis\u00e9es pour :<\/p>\n<p>&#8211; R\u00e9pondre \u00e0 vos demandes via les formulaires<\/p>\n<p>&#8211; G\u00e9rer les commentaires et la s\u00e9curit\u00e9 du site<\/p>\n<p>&#8211; Assurer le bon fonctionnement du site et am\u00e9liorer l\u2019exp\u00e9rience utilisateur<\/p>\n<p>Pour plus d\u2019informations, consultez notre\u00a0<a style=\"background-color: #ffffff; color: #18234e;\" href=\"https:\/\/defi4.fr\/en\/charte-de-protection-des-donnees-personnelles\/\" target=\"_blank\" rel=\"noopener\">Charte RGPD<\/a>\u00a0compl\u00e8te.<\/p>\n<h2>Dur\u00e9e de conservation<\/h2>\n<p>Les donn\u00e9es sont conserv\u00e9es uniquement pour la dur\u00e9e n\u00e9cessaire aux finalit\u00e9s pour lesquelles elles ont \u00e9t\u00e9 collect\u00e9es, conform\u00e9ment \u00e0 notre Charte de protection des donn\u00e9es.<\/p>\n<h2>Vos droits<\/h2>\n<p>Vous disposez des droits d\u2019acc\u00e8s, de rectification, d\u2019opposition, d\u2019effacement et de portabilit\u00e9 de vos donn\u00e9es.<\/p>\n<p>Pour exercer vos droits : contact@defi4.fr<\/p>\n<p>Pour plus d\u2019informations, consultez notre\u00a0<a href=\"https:\/\/defi4.fr\/en\/charte-de-protection-des-donnees-personnelles\/\" target=\"_blank\" rel=\"noopener\">Charte RGPD<\/a>\u00a0compl\u00e8te.<\/p>\n<h2>Contenu embarqu\u00e9 depuis d\u2019autres sites<\/h2>\n<p>Les articles de ce site peuvent inclure des contenus int\u00e9gr\u00e9s (vid\u00e9os, images, etc.). Ces sites peuvent collecter des donn\u00e9es vous concernant conform\u00e9ment \u00e0 leur propre politique de confidentialit\u00e9.<\/p>\n<p>Pour plus d\u2019informations, consultez notre\u00a0<a style=\"background-color: #ffffff; color: #18234e;\" href=\"https:\/\/defi4.fr\/en\/charte-de-protection-des-donnees-personnelles\/\" target=\"_blank\" rel=\"noopener\">Charte RGPD<\/a>\u00a0compl\u00e8te.<\/p>\n<h2>Lien vers la Charte RGPD<\/h2>\n<p><!-- \/wp:paragraph --><\/p>\n<p>Pour consulter la version compl\u00e8te et d\u00e9taill\u00e9e de nos pratiques de traitement des donn\u00e9es personnelles cliquez\u00a0<em><strong><a href=\"https:\/\/defi4.fr\/en\/charte-de-protection-des-donnees-personnelles\/\" target=\"_blank\" rel=\"noopener\">ici<\/a><\/strong><\/em>.<\/p>\n<p style=\"font-size: 36px; font-family: Poppins; font-weight: 600; line-height: 46.8px; color: #18234e; text-transform: none;\">CONDITIONS GENERALS DE VENTE<\/p>\n<p>Pour consulter les conditions g\u00e9n\u00e9rales de vente cliquer\u00a0<a href=\"https:\/\/defi4.fr\/en\/CGV\/\" target=\"_blank\" rel=\"noopener\"><b>ici<\/b><\/a>.<\/p>\n<p><!-- \/wp:paragraph --><\/p>\t\t\t\t\t\t\t\t<\/div>\n\t\t\t\t<\/div>\n\t\t\t\t\t<\/div>\n\t\t\t\t<\/div>\n\t\t\t\t<\/div>\n\t\t\t\t\t<\/details>\n\t\t\t\t\t\t<details id=\"e-n-accordion-item-4173\" class=\"e-n-accordion-item\" >\n\t\t\t\t<summary class=\"e-n-accordion-item-title\" data-accordion-index=\"4\" tabindex=\"-1\" aria-expanded=\"false\" aria-controls=\"e-n-accordion-item-4173\" >\n\t\t\t\t\t<span class='e-n-accordion-item-title-header'><div class=\"e-n-accordion-item-title-text\"> Conditions G\u00e9n\u00e9rales de vente <\/div><\/span>\n\t\t\t\t\t\t\t<span class='e-n-accordion-item-title-icon'>\n\t\t\t<span class='e-opened' ><i aria-hidden=\"true\" class=\"fas fa-minus\"><\/i><\/span>\n\t\t\t<span class='e-closed'><i aria-hidden=\"true\" class=\"fas fa-plus\"><\/i><\/span>\n\t\t<\/span>\n\n\t\t\t\t\t\t<\/summary>\n\t\t\t\t<div role=\"region\" aria-labelledby=\"e-n-accordion-item-4173\" class=\"elementor-element elementor-element-dd2cd6a e-flex e-con-boxed e-con e-child\" data-id=\"dd2cd6a\" data-element_type=\"container\" data-e-type=\"container\">\n\t\t\t\t\t<div class=\"e-con-inner\">\n\t\t<div role=\"region\" aria-labelledby=\"e-n-accordion-item-4173\" class=\"elementor-element elementor-element-c9ed54b e-con-full e-flex e-con e-child\" data-id=\"c9ed54b\" data-element_type=\"container\" data-e-type=\"container\">\n\t\t\t\t<div class=\"elementor-element elementor-element-6d4ffd1 elementor-widget elementor-widget-text-editor\" data-id=\"6d4ffd1\" data-element_type=\"widget\" data-e-type=\"widget\" data-widget_type=\"text-editor.default\">\n\t\t\t\t<div class=\"elementor-widget-container\">\n\t\t\t\t\t\t\t\t\t<p>Pour consulter les conditions g\u00e9n\u00e9rales de vente cliquer\u00a0<a href=\"https:\/\/defi4.fr\/en\/CGV\/\" target=\"_blank\" rel=\"noopener\"><b>ici<\/b><\/a>.<\/p>\n<p><!-- \/wp:paragraph --><\/p>\t\t\t\t\t\t\t\t<\/div>\n\t\t\t\t<\/div>\n\t\t\t\t<\/div>\n\t\t\t\t\t<\/div>\n\t\t\t\t<\/div>\n\t\t\t\t\t<\/details>\n\t\t\t\t\t<\/div>\n\t\t\t\t\t\t<\/div>\n\t\t\t\t<\/div>\n\t\t\t\t\t<\/div>\n\t\t\t\t<\/div>\n\t\t\t\t<\/div>","protected":false},"excerpt":{"rendered":"<p>Mentions L\u00e9gales Conform\u00e9ment aux dispositions de la loi n\u00b0 2004-575 du 21 juin 2004 pour la confiance en l&rsquo;\u00e9conomie num\u00e9rique, il est pr\u00e9cis\u00e9 aux utilisateurs du site DEFI4 l&rsquo;identit\u00e9 des diff\u00e9rents intervenants dans le cadre de sa r\u00e9alisation et de &hellip; <\/p>","protected":false},"author":2,"featured_media":0,"parent":0,"menu_order":0,"comment_status":"closed","ping_status":"closed","template":"elementor_header_footer","meta":{"pmpro_default_level":"","_monsterinsights_skip_tracking":false,"_monsterinsights_sitenote_active":false,"_monsterinsights_sitenote_note":"","_monsterinsights_sitenote_category":0,"footnotes":""},"class_list":["post-24602","page","type-page","status-publish","hentry","pmpro-has-access"],"_links":{"self":[{"href":"https:\/\/defi4.fr\/en\/wp-json\/wp\/v2\/pages\/24602","targetHints":{"allow":["GET"]}}],"collection":[{"href":"https:\/\/defi4.fr\/en\/wp-json\/wp\/v2\/pages"}],"about":[{"href":"https:\/\/defi4.fr\/en\/wp-json\/wp\/v2\/types\/page"}],"author":[{"embeddable":true,"href":"https:\/\/defi4.fr\/en\/wp-json\/wp\/v2\/users\/2"}],"replies":[{"embeddable":true,"href":"https:\/\/defi4.fr\/en\/wp-json\/wp\/v2\/comments?post=24602"}],"version-history":[{"count":25,"href":"https:\/\/defi4.fr\/en\/wp-json\/wp\/v2\/pages\/24602\/revisions"}],"predecessor-version":[{"id":24754,"href":"https:\/\/defi4.fr\/en\/wp-json\/wp\/v2\/pages\/24602\/revisions\/24754"}],"wp:attachment":[{"href":"https:\/\/defi4.fr\/en\/wp-json\/wp\/v2\/media?parent=24602"}],"curies":[{"name":"wp","href":"https:\/\/api.w.org\/{rel}","templated":true}]}}