{"id":24767,"date":"2025-10-06T17:12:18","date_gmt":"2025-10-06T15:12:18","guid":{"rendered":"https:\/\/defi4.fr\/?page_id=24767"},"modified":"2026-04-15T10:55:35","modified_gmt":"2026-04-15T08:55:35","slug":"offre","status":"publish","type":"page","link":"https:\/\/defi4.fr\/en\/offre\/","title":{"rendered":"Our offering"},"content":{"rendered":"<div data-elementor-type=\"wp-page\" data-elementor-id=\"24767\" class=\"elementor elementor-24767\">\n\t\t\t\t<div class=\"elementor-element elementor-element-3121530 e-flex e-con-boxed e-con e-parent\" data-id=\"3121530\" data-element_type=\"container\" data-e-type=\"container\">\n\t\t\t\t\t<div class=\"e-con-inner\">\n\t\t\t\t<div class=\"elementor-element elementor-element-9d3318c elementor-widget elementor-widget-spacer\" data-id=\"9d3318c\" data-element_type=\"widget\" data-e-type=\"widget\" data-widget_type=\"spacer.default\">\n\t\t\t\t<div class=\"elementor-widget-container\">\n\t\t\t\t\t\t\t<div class=\"elementor-spacer\">\n\t\t\t<div class=\"elementor-spacer-inner\"><\/div>\n\t\t<\/div>\n\t\t\t\t\t\t<\/div>\n\t\t\t\t<\/div>\n\t\t\t\t<div class=\"elementor-element elementor-element-a3f0ae2 elementor-widget elementor-widget-heading\" data-id=\"a3f0ae2\" data-element_type=\"widget\" data-e-type=\"widget\" data-widget_type=\"heading.default\">\n\t\t\t\t<div class=\"elementor-widget-container\">\n\t\t\t\t\t<h2 class=\"elementor-heading-title elementor-size-default\">A tailored support experience\n<\/h2>\t\t\t\t<\/div>\n\t\t\t\t<\/div>\n\t\t\t\t<div class=\"elementor-element elementor-element-2d1bd65 elementor-widget elementor-widget-spacer\" data-id=\"2d1bd65\" data-element_type=\"widget\" data-e-type=\"widget\" data-widget_type=\"spacer.default\">\n\t\t\t\t<div class=\"elementor-widget-container\">\n\t\t\t\t\t\t\t<div class=\"elementor-spacer\">\n\t\t\t<div class=\"elementor-spacer-inner\"><\/div>\n\t\t<\/div>\n\t\t\t\t\t\t<\/div>\n\t\t\t\t<\/div>\n\t\t\t\t<div class=\"elementor-element elementor-element-66df768 elementor-widget elementor-widget-heading\" data-id=\"66df768\" data-element_type=\"widget\" data-e-type=\"widget\" data-widget_type=\"heading.default\">\n\t\t\t\t<div class=\"elementor-widget-container\">\n\t\t\t\t\t<h2 class=\"elementor-heading-title elementor-size-default\">DEFI4<\/h2>\t\t\t\t<\/div>\n\t\t\t\t<\/div>\n\t\t\t\t<div class=\"elementor-element elementor-element-dd491b0 elementor-widget elementor-widget-heading\" data-id=\"dd491b0\" data-element_type=\"widget\" data-e-type=\"widget\" data-widget_type=\"heading.default\">\n\t\t\t\t<div class=\"elementor-widget-container\">\n\t\t\t\t\t<h2 class=\"elementor-heading-title elementor-size-default\">Digitalization \u2013 Environment \u2013 Industry 4.0 Training<\/h2>\t\t\t\t<\/div>\n\t\t\t\t<\/div>\n\t\t\t\t<div class=\"elementor-element elementor-element-447926a elementor-widget elementor-widget-spacer\" data-id=\"447926a\" data-element_type=\"widget\" data-e-type=\"widget\" data-widget_type=\"spacer.default\">\n\t\t\t\t<div class=\"elementor-widget-container\">\n\t\t\t\t\t\t\t<div class=\"elementor-spacer\">\n\t\t\t<div class=\"elementor-spacer-inner\"><\/div>\n\t\t<\/div>\n\t\t\t\t\t\t<\/div>\n\t\t\t\t<\/div>\n\t\t\t\t<div class=\"elementor-element elementor-element-880f01c elementor-widget elementor-widget-text-editor\" data-id=\"880f01c\" data-element_type=\"widget\" data-e-type=\"widget\" data-widget_type=\"text-editor.default\">\n\t\t\t\t<div class=\"elementor-widget-container\">\n\t\t\t\t\t\t\t\t\t<ul style=\"font-weight: 400;\">\n<li data-charcodes=\"8226\" data-font=\"Arial,Sans-Serif\" data-buautonum=\"8\" data-margin=\"612\" data-aria-posinset=\"1\" data-aria-level=\"2\" class=\"translation-block\">Supporting industrial transformation, particularly in the areas of digitalization and decarbonization<\/li>\n<li data-charcodes=\"8226\" data-font=\"Arial,Sans-Serif\" data-buautonum=\"8\" data-margin=\"612\" data-aria-posinset=\"2\" data-aria-level=\"2\" class=\"translation-block\">Developing collaborations with private, territorial, and academic partners around industrial transformation<\/li>\n<li data-charcodes=\"8226\" data-font=\"Arial,Sans-Serif\" data-buautonum=\"8\" data-margin=\"612\" data-aria-posinset=\"3\" data-aria-level=\"2\" class=\"translation-block\">Leading a community of collaborative projects<\/li>\n<li data-charcodes=\"8226\" data-font=\"Arial,Sans-Serif\" data-buautonum=\"8\" data-margin=\"612\" data-aria-posinset=\"4\" data-aria-level=\"2\" class=\"translation-block\">Training and supporting skills development<\/li>\n<li data-charcodes=\"8226\" data-font=\"Arial,Sans-Serif\" data-buautonum=\"8\" data-margin=\"612\" data-aria-posinset=\"5\" data-aria-level=\"2\" class=\"translation-block\">Leading awareness initiatives within the ecosystem<\/li>\n<\/ul>\t\t\t\t\t\t\t\t<\/div>\n\t\t\t\t<\/div>\n\t\t\t\t\t<\/div>\n\t\t\t\t<\/div>\n\t\t<div class=\"elementor-element elementor-element-b4049c2 e-flex e-con-boxed e-con e-parent\" data-id=\"b4049c2\" data-element_type=\"container\" data-e-type=\"container\">\n\t\t\t\t\t<div class=\"e-con-inner\">\n\t\t\t\t<div class=\"elementor-element elementor-element-422d40c elementor-widget elementor-widget-heading\" data-id=\"422d40c\" data-element_type=\"widget\" data-e-type=\"widget\" data-widget_type=\"heading.default\">\n\t\t\t\t<div class=\"elementor-widget-container\">\n\t\t\t\t\t<h2 class=\"elementor-heading-title elementor-size-default\">A multi-regional training organization<\/h2>\t\t\t\t<\/div>\n\t\t\t\t<\/div>\n\t\t<div class=\"elementor-element elementor-element-6dd633e e-con-full e-flex e-con e-child\" data-id=\"6dd633e\" data-element_type=\"container\" data-e-type=\"container\">\n\t\t\t\t<div class=\"elementor-element elementor-element-8b27342 elementor-hidden-tablet elementor-hidden-mobile elementor-widget elementor-widget-image\" data-id=\"8b27342\" data-element_type=\"widget\" data-e-type=\"widget\" data-widget_type=\"image.default\">\n\t\t\t\t<div class=\"elementor-widget-container\">\n\t\t\t\t\t\t\t\t\t\t\t\t\t\t\t<img fetchpriority=\"high\" decoding=\"async\" width=\"1000\" height=\"1000\" src=\"https:\/\/defi4.fr\/wp-content\/uploads\/2025\/10\/Localisation-Lab.png\" class=\"attachment-full size-full wp-image-24847\" alt=\"\" srcset=\"https:\/\/defi4.fr\/wp-content\/uploads\/2025\/10\/Localisation-Lab.png 1000w, https:\/\/defi4.fr\/wp-content\/uploads\/2025\/10\/Localisation-Lab-300x300.png 300w, https:\/\/defi4.fr\/wp-content\/uploads\/2025\/10\/Localisation-Lab-150x150.png 150w, https:\/\/defi4.fr\/wp-content\/uploads\/2025\/10\/Localisation-Lab-768x768.png 768w, https:\/\/defi4.fr\/wp-content\/uploads\/2025\/10\/Localisation-Lab-12x12.png 12w\" sizes=\"(max-width: 1000px) 100vw, 1000px\" \/>\t\t\t\t\t\t\t\t\t\t\t\t\t\t\t<\/div>\n\t\t\t\t<\/div>\n\t\t\t\t<\/div>\n\t\t\t\t\t<\/div>\n\t\t\t\t<\/div>\n\t\t<div class=\"elementor-element elementor-element-57377d4 e-flex e-con-boxed e-con e-parent\" data-id=\"57377d4\" data-element_type=\"container\" data-e-type=\"container\">\n\t\t\t\t\t<div class=\"e-con-inner\">\n\t\t\t\t<div class=\"elementor-element elementor-element-434a6eb elementor-widget elementor-widget-heading\" data-id=\"434a6eb\" data-element_type=\"widget\" data-e-type=\"widget\" data-widget_type=\"heading.default\">\n\t\t\t\t<div class=\"elementor-widget-container\">\n\t\t\t\t\t<h2 class=\"elementor-heading-title elementor-size-default\">training courses<\/h2>\t\t\t\t<\/div>\n\t\t\t\t<\/div>\n\t\t\t\t<div class=\"elementor-element elementor-element-89104b5 elementor-widget elementor-widget-text-editor\" data-id=\"89104b5\" data-element_type=\"widget\" data-e-type=\"widget\" data-widget_type=\"text-editor.default\">\n\t\t\t\t<div class=\"elementor-widget-container\">\n\t\t\t\t\t\t\t\t\t<p class=\"translation-block\"><b><span data-scheme-color=\"@FFFFFF,,\" data-usefontface=\"true\" data-contrast=\"none\">DEFI4 <\/span><\/b> organizes regular sessions on professional training pathways designed to support the development of skills essential to the transformation of industrial companies, such as:<\/p><ol><li data-ccp-props=\"{&quot;335551550&quot;:6,&quot;335551620&quot;:6,&quot;335559683&quot;:0,&quot;335559685&quot;:0,&quot;335559731&quot;:0,&quot;335559737&quot;:0,&quot;335562764&quot;:4,&quot;335562765&quot;:18.66,&quot;335562766&quot;:4,&quot;335562767&quot;:0,&quot;335562768&quot;:4,&quot;335562769&quot;:0}\" class=\"translation-block\">The ability to provide remote support and work effectively as a team<\/li><li class=\"translation-block\">Process management and control, enhanced by mobility<\/li><li data-ccp-props=\"{&quot;335551550&quot;:6,&quot;335551620&quot;:6,&quot;335559683&quot;:0,&quot;335559685&quot;:0,&quot;335559731&quot;:0,&quot;335559737&quot;:0,&quot;335562764&quot;:4,&quot;335562765&quot;:18.66,&quot;335562766&quot;:4,&quot;335562767&quot;:0,&quot;335562768&quot;:4,&quot;335562769&quot;:0}\" class=\"translation-block\">Leveraging data-driven solutions and artificial intelligence<\/li><li data-ccp-props=\"{&quot;335551550&quot;:6,&quot;335551620&quot;:6,&quot;335559683&quot;:0,&quot;335559685&quot;:0,&quot;335559731&quot;:0,&quot;335559737&quot;:0,&quot;335562764&quot;:4,&quot;335562765&quot;:18.66,&quot;335562766&quot;:4,&quot;335562767&quot;:0,&quot;335562768&quot;:4,&quot;335562769&quot;:0}\" class=\"translation-block\">New professions emerging from the implementation of \u201cdigital native\u201d production lines<\/li><li data-ccp-props=\"{&quot;335551550&quot;:6,&quot;335551620&quot;:6,&quot;335559683&quot;:0,&quot;335559685&quot;:0,&quot;335559731&quot;:0,&quot;335559737&quot;:0,&quot;335562764&quot;:4,&quot;335562765&quot;:18.66,&quot;335562766&quot;:4,&quot;335562767&quot;:0,&quot;335562768&quot;:4,&quot;335562769&quot;:0}\" class=\"translation-block\">Acquiring the skills required to deploy new solutions<\/li><\/ol><p data-ccp-props=\"{&quot;335551550&quot;:6,&quot;335551620&quot;:6,&quot;335559683&quot;:0,&quot;335559685&quot;:0,&quot;335559731&quot;:0,&quot;335559737&quot;:0,&quot;335562764&quot;:4,&quot;335562765&quot;:18.66,&quot;335562766&quot;:4,&quot;335562767&quot;:0,&quot;335562768&quot;:4,&quot;335562769&quot;:0}\">\u200b<\/p><p><span class=\"TextRun BCX0 SCXP22853973\" lang=\"EN-US\" xml:lang=\"EN-US\" data-scheme-color=\"@FFFFFF,,\" data-usefontface=\"true\" data-contrast=\"none\"><span class=\"NormalTextRun BCX0 SCXP22853973\"><br \/><\/span><\/span><span class=\"EOP BCX0 SCXP22853973\">\u200b<\/span><\/p>\t\t\t\t\t\t\t\t<\/div>\n\t\t\t\t<\/div>\n\t\t\t\t\t<\/div>\n\t\t\t\t<\/div>\n\t\t<div class=\"elementor-element elementor-element-6177d75 e-flex e-con-boxed e-con e-parent\" data-id=\"6177d75\" data-element_type=\"container\" data-e-type=\"container\">\n\t\t\t\t\t<div class=\"e-con-inner\">\n\t\t\t\t<div class=\"elementor-element elementor-element-710bf62 elementor-widget elementor-widget-heading\" data-id=\"710bf62\" data-element_type=\"widget\" data-e-type=\"widget\" data-widget_type=\"heading.default\">\n\t\t\t\t<div class=\"elementor-widget-container\">\n\t\t\t\t\t<h2 class=\"elementor-heading-title elementor-size-default\">Seminars<\/h2>\t\t\t\t<\/div>\n\t\t\t\t<\/div>\n\t\t\t\t<div class=\"elementor-element elementor-element-1c7c0f8 elementor-widget elementor-widget-text-editor\" data-id=\"1c7c0f8\" data-element_type=\"widget\" data-e-type=\"widget\" data-widget_type=\"text-editor.default\">\n\t\t\t\t<div class=\"elementor-widget-container\">\n\t\t\t\t\t\t\t\t\t<p data-ccp-props=\"{&quot;335551550&quot;:1,&quot;335551620&quot;:1,&quot;335559683&quot;:0,&quot;335559685&quot;:0,&quot;335559731&quot;:0,&quot;335559737&quot;:0,&quot;335562764&quot;:4,&quot;335562765&quot;:18.66,&quot;335562766&quot;:4,&quot;335562767&quot;:0,&quot;335562768&quot;:4,&quot;335562769&quot;:0}\" class=\"translation-block\"><b><span data-scheme-color=\"@FFFFFF,,\" data-usefontface=\"true\" data-contrast=\"none\">DEFI4 <\/span><\/b> offers tailored seminars that support its members in adopting digital and decarbonization transformation initiatives.<\/p><p data-ccp-props=\"{&quot;335551550&quot;:1,&quot;335551620&quot;:1,&quot;335559683&quot;:0,&quot;335559685&quot;:0,&quot;335559731&quot;:0,&quot;335559737&quot;:0,&quot;335562764&quot;:4,&quot;335562765&quot;:18.66,&quot;335562766&quot;:4,&quot;335562767&quot;:0,&quot;335562768&quot;:4,&quot;335562769&quot;:0}\" class=\"translation-block\">These seminars cover activities such as:<\/p><ol><li data-ccp-props=\"{&quot;335551550&quot;:6,&quot;335551620&quot;:6,&quot;335559683&quot;:0,&quot;335559685&quot;:0,&quot;335559731&quot;:0,&quot;335559737&quot;:0,&quot;335562764&quot;:4,&quot;335562765&quot;:18.66,&quot;335562766&quot;:4,&quot;335562767&quot;:0,&quot;335562768&quot;:4,&quot;335562769&quot;:0}\" class=\"translation-block\">Raising awareness of Industry 4.0 technologies and their applications<\/li><li class=\"translation-block\">Developing a digital roadmap<\/li><li data-ccp-props=\"{&quot;335551550&quot;:6,&quot;335551620&quot;:6,&quot;335559683&quot;:0,&quot;335559685&quot;:0,&quot;335559731&quot;:0,&quot;335559737&quot;:0,&quot;335562764&quot;:4,&quot;335562765&quot;:18.66,&quot;335562766&quot;:4,&quot;335562767&quot;:0,&quot;335562768&quot;:4,&quot;335562769&quot;:0}\" class=\"translation-block\">Change management actions<\/li><\/ol><p class=\"translation-block\">Depending on their duration, these seminars may include workshops on emerging technologies, creativity, and collaborative exchanges.<\/p><p><span lang=\"EN-US\" xml:lang=\"EN-US\" data-scheme-color=\"@FFFFFF,,\" data-usefontface=\"true\" data-contrast=\"none\">\u00a0<\/span><\/p>\t\t\t\t\t\t\t\t<\/div>\n\t\t\t\t<\/div>\n\t\t\t\t\t<\/div>\n\t\t\t\t<\/div>\n\t\t<div class=\"elementor-element elementor-element-c2189e9 e-flex e-con-boxed e-con e-parent\" data-id=\"c2189e9\" data-element_type=\"container\" data-e-type=\"container\">\n\t\t\t\t\t<div class=\"e-con-inner\">\n\t\t\t\t<div class=\"elementor-element elementor-element-bd008d5 elementor-widget elementor-widget-heading\" data-id=\"bd008d5\" data-element_type=\"widget\" data-e-type=\"widget\" data-widget_type=\"heading.default\">\n\t\t\t\t<div class=\"elementor-widget-container\">\n\t\t\t\t\t<h2 class=\"elementor-heading-title elementor-size-default\">Transformation support<\/h2>\t\t\t\t<\/div>\n\t\t\t\t<\/div>\n\t\t\t\t<div class=\"elementor-element elementor-element-88d905e elementor-widget elementor-widget-text-editor\" data-id=\"88d905e\" data-element_type=\"widget\" data-e-type=\"widget\" data-widget_type=\"text-editor.default\">\n\t\t\t\t<div class=\"elementor-widget-container\">\n\t\t\t\t\t\t\t\t\t<p data-ccp-props=\"{&quot;335551550&quot;:1,&quot;335551620&quot;:1,&quot;335559683&quot;:0,&quot;335559685&quot;:0,&quot;335559731&quot;:0,&quot;335559737&quot;:0,&quot;335562764&quot;:4,&quot;335562765&quot;:18.66,&quot;335562766&quot;:4,&quot;335562767&quot;:0,&quot;335562768&quot;:4,&quot;335562769&quot;:0}\" class=\"translation-block\"><b><span data-scheme-color=\"@FFFFFF,,\" data-usefontface=\"true\" data-contrast=\"none\">DEFI4 <\/span><\/b> supports the transformation of its members through:<\/p><ol><li data-ccp-props=\"{&quot;335551550&quot;:6,&quot;335551620&quot;:6,&quot;335559683&quot;:0,&quot;335559685&quot;:0,&quot;335559731&quot;:0,&quot;335559737&quot;:0,&quot;335562764&quot;:4,&quot;335562765&quot;:18.66,&quot;335562766&quot;:4,&quot;335562767&quot;:0,&quot;335562768&quot;:4,&quot;335562769&quot;:0}\"><span class=\"TextRun BCX0 SCXP15091331\" lang=\"EN-US\" xml:lang=\"EN-US\" data-scheme-color=\"@FFFFFF,,\" data-usefontface=\"true\" data-contrast=\"none\"><span class=\"NormalTextRun BCX0 SCXP15091331\">awareness workshops<\/span><\/span><\/li><li><span class=\"EOP SCXP229273334 BCX0\">training engineering<\/span><\/li><li data-ccp-props=\"{&quot;335551550&quot;:6,&quot;335551620&quot;:6,&quot;335559683&quot;:0,&quot;335559685&quot;:0,&quot;335559731&quot;:0,&quot;335559737&quot;:0,&quot;335562764&quot;:4,&quot;335562765&quot;:18.66,&quot;335562766&quot;:4,&quot;335562767&quot;:0,&quot;335562768&quot;:4,&quot;335562769&quot;:0}\"><span class=\"EOP SCXP256487460 BCX0\">innovation support<\/span><\/li><li data-ccp-props=\"{&quot;335551550&quot;:6,&quot;335551620&quot;:6,&quot;335559683&quot;:0,&quot;335559685&quot;:0,&quot;335559731&quot;:0,&quot;335559737&quot;:0,&quot;335562764&quot;:4,&quot;335562765&quot;:18.66,&quot;335562766&quot;:4,&quot;335562767&quot;:0,&quot;335562768&quot;:4,&quot;335562769&quot;:0}\"><span class=\"EOP SCXP256487460 BCX0\">tailored services to support job evolution and digital and decarbonization transformation<\/span><\/li><\/ol><p class=\"translation-block\"><b><span data-scheme-color=\"@FFFFFF,,\" data-usefontface=\"true\" data-contrast=\"none\">DEFI4 <\/span><\/b> can also position itself as a leading entity in:<\/p><ol><li><span class=\"EOP BCX0 SCXP84329149\">calls for expressions of interest<\/span><\/li><li><span class=\"EOP BCX0 SCXP84329149\">project calls related to its missions, on behalf of the association\u2019s members.<\/span><\/li><\/ol><p><span lang=\"EN-US\" xml:lang=\"EN-US\" data-scheme-color=\"@FFFFFF,,\" data-usefontface=\"true\" data-contrast=\"none\">\u00a0<\/span><\/p>\t\t\t\t\t\t\t\t<\/div>\n\t\t\t\t<\/div>\n\t\t<div class=\"elementor-element elementor-element-7d47c52 e-con-full e-grid e-con e-child\" data-id=\"7d47c52\" data-element_type=\"container\" data-e-type=\"container\">\n\t\t<div class=\"elementor-element elementor-element-93d1570 e-con-full e-flex e-con e-child\" data-id=\"93d1570\" data-element_type=\"container\" data-e-type=\"container\" data-settings=\"{&quot;background_background&quot;:&quot;classic&quot;}\">\n\t\t\t\t<div class=\"elementor-element elementor-element-e6b1b7b elementor-widget elementor-widget-image\" data-id=\"e6b1b7b\" data-element_type=\"widget\" data-e-type=\"widget\" data-widget_type=\"image.default\">\n\t\t\t\t<div class=\"elementor-widget-container\">\n\t\t\t\t\t\t\t\t\t\t\t\t\t\t\t<img decoding=\"async\" width=\"640\" height=\"480\" src=\"https:\/\/defi4.fr\/wp-content\/uploads\/2026\/04\/IMG_5197-1024x768.jpeg\" class=\"attachment-large size-large wp-image-25257\" alt=\"\" srcset=\"https:\/\/defi4.fr\/wp-content\/uploads\/2026\/04\/IMG_5197-1024x768.jpeg 1024w, https:\/\/defi4.fr\/wp-content\/uploads\/2026\/04\/IMG_5197-300x225.jpeg 300w, https:\/\/defi4.fr\/wp-content\/uploads\/2026\/04\/IMG_5197-768x576.jpeg 768w, https:\/\/defi4.fr\/wp-content\/uploads\/2026\/04\/IMG_5197-1536x1152.jpeg 1536w, https:\/\/defi4.fr\/wp-content\/uploads\/2026\/04\/IMG_5197-16x12.jpeg 16w, https:\/\/defi4.fr\/wp-content\/uploads\/2026\/04\/IMG_5197.jpeg 1855w\" sizes=\"(max-width: 640px) 100vw, 640px\" \/>\t\t\t\t\t\t\t\t\t\t\t\t\t\t\t<\/div>\n\t\t\t\t<\/div>\n\t\t\t\t<div class=\"elementor-element elementor-element-5dd6625 elementor-align-center elementor-widget elementor-widget-button\" data-id=\"5dd6625\" data-element_type=\"widget\" data-e-type=\"widget\" data-widget_type=\"button.default\">\n\t\t\t\t<div class=\"elementor-widget-container\">\n\t\t\t\t\t\t\t\t\t<div class=\"elementor-button-wrapper\">\n\t\t\t\t\t<a class=\"elementor-button elementor-button-link elementor-size-sm\" href=\"https:\/\/defi4.fr\/en\/si\/\">\n\t\t\t\t\t\t<span class=\"elementor-button-content-wrapper\">\n\t\t\t\t\t\t\t\t\t<span class=\"elementor-button-text\">Innovation support<\/span>\n\t\t\t\t\t<\/span>\n\t\t\t\t\t<\/a>\n\t\t\t\t<\/div>\n\t\t\t\t\t\t\t\t<\/div>\n\t\t\t\t<\/div>\n\t\t\t\t<\/div>\n\t\t<div class=\"elementor-element elementor-element-8d525c7 e-con-full e-flex e-con e-child\" data-id=\"8d525c7\" data-element_type=\"container\" data-e-type=\"container\" data-settings=\"{&quot;background_background&quot;:&quot;classic&quot;}\">\n\t\t\t\t<div class=\"elementor-element elementor-element-c452034 elementor-widget elementor-widget-image\" data-id=\"c452034\" data-element_type=\"widget\" data-e-type=\"widget\" data-widget_type=\"image.default\">\n\t\t\t\t<div class=\"elementor-widget-container\">\n\t\t\t\t\t\t\t\t\t\t\t\t\t\t\t<img decoding=\"async\" width=\"640\" height=\"426\" src=\"https:\/\/defi4.fr\/wp-content\/uploads\/2024\/11\/Valorisation-des-donnees-2.jpg\" class=\"attachment-large size-large wp-image-23088\" alt=\"\" srcset=\"https:\/\/defi4.fr\/wp-content\/uploads\/2024\/11\/Valorisation-des-donnees-2.jpg 800w, https:\/\/defi4.fr\/wp-content\/uploads\/2024\/11\/Valorisation-des-donnees-2-300x200.jpg 300w, https:\/\/defi4.fr\/wp-content\/uploads\/2024\/11\/Valorisation-des-donnees-2-768x512.jpg 768w, https:\/\/defi4.fr\/wp-content\/uploads\/2024\/11\/Valorisation-des-donnees-2-600x400.jpg 600w\" sizes=\"(max-width: 640px) 100vw, 640px\" \/>\t\t\t\t\t\t\t\t\t\t\t\t\t\t\t<\/div>\n\t\t\t\t<\/div>\n\t\t\t\t<div class=\"elementor-element elementor-element-5ef9922 elementor-align-center elementor-widget elementor-widget-button\" data-id=\"5ef9922\" data-element_type=\"widget\" data-e-type=\"widget\" data-widget_type=\"button.default\">\n\t\t\t\t<div class=\"elementor-widget-container\">\n\t\t\t\t\t\t\t\t\t<div class=\"elementor-button-wrapper\">\n\t\t\t\t\t<a class=\"elementor-button elementor-button-link elementor-size-sm\" href=\"https:\/\/defi4.fr\/en\/apa\/\">\n\t\t\t\t\t\t<span class=\"elementor-button-content-wrapper\">\n\t\t\t\t\t\t\t\t\t<span class=\"elementor-button-text\">Hands-on awareness workshops<\/span>\n\t\t\t\t\t<\/span>\n\t\t\t\t\t<\/a>\n\t\t\t\t<\/div>\n\t\t\t\t\t\t\t\t<\/div>\n\t\t\t\t<\/div>\n\t\t\t\t<\/div>\n\t\t<div class=\"elementor-element elementor-element-eaef676 e-con-full e-flex e-con e-child\" data-id=\"eaef676\" data-element_type=\"container\" data-e-type=\"container\" data-settings=\"{&quot;background_background&quot;:&quot;classic&quot;}\">\n\t\t\t\t<div class=\"elementor-element elementor-element-03ef07d elementor-widget elementor-widget-image\" data-id=\"03ef07d\" data-element_type=\"widget\" data-e-type=\"widget\" data-widget_type=\"image.default\">\n\t\t\t\t<div class=\"elementor-widget-container\">\n\t\t\t\t\t\t\t\t\t\t\t\t\t\t\t<img loading=\"lazy\" decoding=\"async\" width=\"640\" height=\"480\" src=\"https:\/\/defi4.fr\/wp-content\/uploads\/2026\/04\/IMG_5694-1024x768.jpeg\" class=\"attachment-large size-large wp-image-25258\" alt=\"\" srcset=\"https:\/\/defi4.fr\/wp-content\/uploads\/2026\/04\/IMG_5694-1024x768.jpeg 1024w, https:\/\/defi4.fr\/wp-content\/uploads\/2026\/04\/IMG_5694-300x225.jpeg 300w, https:\/\/defi4.fr\/wp-content\/uploads\/2026\/04\/IMG_5694-768x576.jpeg 768w, https:\/\/defi4.fr\/wp-content\/uploads\/2026\/04\/IMG_5694-1536x1152.jpeg 1536w, https:\/\/defi4.fr\/wp-content\/uploads\/2026\/04\/IMG_5694-16x12.jpeg 16w, https:\/\/defi4.fr\/wp-content\/uploads\/2026\/04\/IMG_5694.jpeg 2016w\" sizes=\"(max-width: 640px) 100vw, 640px\" \/>\t\t\t\t\t\t\t\t\t\t\t\t\t\t\t<\/div>\n\t\t\t\t<\/div>\n\t\t\t\t<div class=\"elementor-element elementor-element-3618f5b elementor-align-center elementor-widget elementor-widget-button\" data-id=\"3618f5b\" data-element_type=\"widget\" data-e-type=\"widget\" data-widget_type=\"button.default\">\n\t\t\t\t<div class=\"elementor-widget-container\">\n\t\t\t\t\t\t\t\t\t<div class=\"elementor-button-wrapper\">\n\t\t\t\t\t<a class=\"elementor-button elementor-button-link elementor-size-sm\" href=\"https:\/\/defi4.fr\/en\/if\/\">\n\t\t\t\t\t\t<span class=\"elementor-button-content-wrapper\">\n\t\t\t\t\t\t\t\t\t<span class=\"elementor-button-text\">Training engineering<\/span>\n\t\t\t\t\t<\/span>\n\t\t\t\t\t<\/a>\n\t\t\t\t<\/div>\n\t\t\t\t\t\t\t\t<\/div>\n\t\t\t\t<\/div>\n\t\t\t\t<\/div>\n\t\t\t\t<\/div>\n\t\t\t\t\t<\/div>\n\t\t\t\t<\/div>\n\t\t\t\t<\/div>","protected":false},"excerpt":{"rendered":"<p>Un accompagnement sur mesure DEFI4 Digitalisation &#8211; Environnement &#8211; Formation Industrie 4.0 Accompagner&nbsp;les transformations de&nbsp;l&rsquo;industrie&nbsp;notamment&nbsp;sur les aspects&nbsp;num\u00e9riques&nbsp;et&nbsp;d\u00e9carbonation D\u00e9velopper&nbsp;les collaborations avec des&nbsp;partenaires&nbsp;priv\u00e9s,&nbsp;territoriaux&nbsp;ou&nbsp;acad\u00e9miques&nbsp;autour&nbsp;de la transformation&nbsp;industrielle Animer&nbsp;une&nbsp;communaut\u00e9&nbsp;de&nbsp;projets&nbsp;collaboratifs&nbsp; Former et&nbsp;soutenir&nbsp;la formation Mener&nbsp;les actions de&nbsp;sensibilisation&nbsp;de&nbsp;l\u2019\u00e9cosyst\u00e8me Un organisme de formation multi-r\u00e9gional Formations DEFI4 organise des sessions &hellip; <\/p>","protected":false},"author":2,"featured_media":0,"parent":0,"menu_order":0,"comment_status":"closed","ping_status":"closed","template":"elementor_header_footer","meta":{"pmpro_default_level":"","_monsterinsights_skip_tracking":false,"_monsterinsights_sitenote_active":false,"_monsterinsights_sitenote_note":"","_monsterinsights_sitenote_category":0,"footnotes":""},"class_list":["post-24767","page","type-page","status-publish","hentry","pmpro-has-access"],"_links":{"self":[{"href":"https:\/\/defi4.fr\/en\/wp-json\/wp\/v2\/pages\/24767","targetHints":{"allow":["GET"]}}],"collection":[{"href":"https:\/\/defi4.fr\/en\/wp-json\/wp\/v2\/pages"}],"about":[{"href":"https:\/\/defi4.fr\/en\/wp-json\/wp\/v2\/types\/page"}],"author":[{"embeddable":true,"href":"https:\/\/defi4.fr\/en\/wp-json\/wp\/v2\/users\/2"}],"replies":[{"embeddable":true,"href":"https:\/\/defi4.fr\/en\/wp-json\/wp\/v2\/comments?post=24767"}],"version-history":[{"count":47,"href":"https:\/\/defi4.fr\/en\/wp-json\/wp\/v2\/pages\/24767\/revisions"}],"predecessor-version":[{"id":25265,"href":"https:\/\/defi4.fr\/en\/wp-json\/wp\/v2\/pages\/24767\/revisions\/25265"}],"wp:attachment":[{"href":"https:\/\/defi4.fr\/en\/wp-json\/wp\/v2\/media?parent=24767"}],"curies":[{"name":"wp","href":"https:\/\/api.w.org\/{rel}","templated":true}]}}