{"id":24789,"date":"2025-10-07T15:24:18","date_gmt":"2025-10-07T13:24:18","guid":{"rendered":"https:\/\/defi4.fr\/?page_id=24789"},"modified":"2026-04-15T11:07:53","modified_gmt":"2026-04-15T09:07:53","slug":"si","status":"publish","type":"page","link":"https:\/\/defi4.fr\/en\/si\/","title":{"rendered":"SI"},"content":{"rendered":"<div data-elementor-type=\"wp-page\" data-elementor-id=\"24789\" class=\"elementor elementor-24789\">\n\t\t\t\t<div class=\"elementor-element elementor-element-6e665e1 e-flex e-con-boxed e-con e-parent\" data-id=\"6e665e1\" data-element_type=\"container\" data-e-type=\"container\">\n\t\t\t\t\t<div class=\"e-con-inner\">\n\t\t\t\t<div class=\"elementor-element elementor-element-b8dd289 elementor-widget elementor-widget-heading\" data-id=\"b8dd289\" data-element_type=\"widget\" data-e-type=\"widget\" data-widget_type=\"heading.default\">\n\t\t\t\t<div class=\"elementor-widget-container\">\n\t\t\t\t\t<h2 class=\"elementor-heading-title elementor-size-default\">Innovation support<\/h2>\t\t\t\t<\/div>\n\t\t\t\t<\/div>\n\t\t<div class=\"elementor-element elementor-element-5ca4d6f e-con-full e-flex e-con e-child\" data-id=\"5ca4d6f\" data-element_type=\"container\" data-e-type=\"container\">\n\t\t\t\t<div class=\"elementor-element elementor-element-d4bfa70 elementor-widget elementor-widget-image\" data-id=\"d4bfa70\" data-element_type=\"widget\" data-e-type=\"widget\" data-widget_type=\"image.default\">\n\t\t\t\t<div class=\"elementor-widget-container\">\n\t\t\t\t\t\t\t\t\t\t\t\t\t\t\t<img fetchpriority=\"high\" decoding=\"async\" width=\"640\" height=\"426\" src=\"https:\/\/defi4.fr\/wp-content\/uploads\/2024\/11\/Formation-des-formateurs.jpg\" class=\"attachment-large size-large wp-image-23089\" alt=\"\" srcset=\"https:\/\/defi4.fr\/wp-content\/uploads\/2024\/11\/Formation-des-formateurs.jpg 800w, https:\/\/defi4.fr\/wp-content\/uploads\/2024\/11\/Formation-des-formateurs-300x200.jpg 300w, https:\/\/defi4.fr\/wp-content\/uploads\/2024\/11\/Formation-des-formateurs-768x512.jpg 768w, https:\/\/defi4.fr\/wp-content\/uploads\/2024\/11\/Formation-des-formateurs-600x400.jpg 600w\" sizes=\"(max-width: 640px) 100vw, 640px\" \/>\t\t\t\t\t\t\t\t\t\t\t\t\t\t\t<\/div>\n\t\t\t\t<\/div>\n\t\t\t\t<div class=\"elementor-element elementor-element-0c84f1b elementor-widget elementor-widget-text-editor\" data-id=\"0c84f1b\" data-element_type=\"widget\" data-e-type=\"widget\" data-widget_type=\"text-editor.default\">\n\t\t\t\t<div class=\"elementor-widget-container\">\n\t\t\t\t\t\t\t\t\t<ul><li><p data-ccp-props=\"{&quot;335551550&quot;:1,&quot;335551620&quot;:1,&quot;335559683&quot;:0,&quot;335559685&quot;:0,&quot;335559731&quot;:0,&quot;335559737&quot;:0,&quot;335562764&quot;:4,&quot;335562765&quot;:18.66,&quot;335562766&quot;:4,&quot;335562767&quot;:0,&quot;335562768&quot;:4,&quot;335562769&quot;:0}\" class=\"translation-block\">DEFI4 offers services related to:<\/p><\/li><\/ul><ol><li style=\"list-style-type: none;\"><ol><li data-ccp-props=\"{&quot;335551550&quot;:6,&quot;335551620&quot;:6,&quot;335559683&quot;:0,&quot;335559685&quot;:0,&quot;335559731&quot;:0,&quot;335559737&quot;:0,&quot;335562764&quot;:4,&quot;335562765&quot;:18.66,&quot;335562766&quot;:4,&quot;335562767&quot;:0,&quot;335562768&quot;:4,&quot;335562769&quot;:0}\" class=\"translation-block\">the understanding of the challenges of Industry 4.0 technologies<\/li><li class=\"translation-block\">the sharing of use cases and concrete feedback on their deployment<\/li><li data-ccp-props=\"{&quot;335551550&quot;:6,&quot;335551620&quot;:6,&quot;335559683&quot;:0,&quot;335559685&quot;:0,&quot;335559731&quot;:0,&quot;335559737&quot;:0,&quot;335562764&quot;:4,&quot;335562765&quot;:18.66,&quot;335562766&quot;:4,&quot;335562767&quot;:0,&quot;335562768&quot;:4,&quot;335562769&quot;:0}\">best practices to successfully achieve this transformation<\/li><\/ol><\/li><\/ol><ul><li><span class=\"TextRun BCX0 SCXP47320379\" lang=\"EN-US\" xml:lang=\"EN-US\" data-scheme-color=\"@FFFFFF,,\" data-usefontface=\"true\" data-contrast=\"none\"><span class=\"NormalTextRun BCX0 SCXP47320379\">Pour <\/span><\/span><span class=\"TextRun SpellingErrorZoomed BCX0 SCXP47320379\" lang=\"EN-US\" xml:lang=\"EN-US\" data-scheme-color=\"@FFFFFF,,\" data-usefontface=\"true\" data-contrast=\"none\"><span class=\"BCX0 SCXP47320379\">cela<\/span><\/span><span class=\"TextRun BCX0 SCXP47320379\" lang=\"EN-US\" xml:lang=\"EN-US\" data-scheme-color=\"@FFFFFF,,\" data-usefontface=\"true\" data-contrast=\"none\"><span class=\"NormalTextRun BCX0 SCXP47320379\">, <\/span><\/span><strong><span class=\"TextRun BCX0 SCXP47320379\" lang=\"EN-US\" xml:lang=\"EN-US\" data-scheme-color=\"@FFFFFF,,\" data-usefontface=\"true\" data-contrast=\"none\"><span class=\"NormalTextRun BCX0 SCXP47320379\">DEFI4 <\/span><\/span><\/strong><span class=\"TextRun SpellingErrorZoomed BCX0 SCXP47320379\" lang=\"EN-US\" xml:lang=\"EN-US\" data-scheme-color=\"@FFFFFF,,\" data-usefontface=\"true\" data-contrast=\"none\"><span class=\"BCX0 SCXP47320379\">mobilise<\/span><\/span><span class=\"TextRun BCX0 SCXP47320379\" lang=\"EN-US\" xml:lang=\"EN-US\" data-scheme-color=\"@FFFFFF,,\" data-usefontface=\"true\" data-contrast=\"none\"><span class=\"NormalTextRun BCX0 SCXP47320379\"> des experts pour <\/span><\/span><span class=\"TextRun SpellingErrorZoomed BCX0 SCXP47320379\" lang=\"EN-US\" xml:lang=\"EN-US\" data-scheme-color=\"@FFFFFF,,\" data-usefontface=\"true\" data-contrast=\"none\"><span class=\"BCX0 SCXP47320379\">intervenir<\/span><\/span> <span class=\"TextRun SpellingErrorZoomed BCX0 SCXP47320379\" lang=\"EN-US\" xml:lang=\"EN-US\" data-scheme-color=\"@FFFFFF,,\" data-usefontface=\"true\" data-contrast=\"none\"><span class=\"BCX0 SCXP47320379\">en<\/span><\/span><span class=\"TextRun BCX0 SCXP47320379\" lang=\"EN-US\" xml:lang=\"EN-US\" data-scheme-color=\"@FFFFFF,,\" data-usefontface=\"true\" data-contrast=\"none\"><span class=\"NormalTextRun BCX0 SCXP47320379\"> support des <\/span><\/span><span class=\"TextRun SpellingErrorZoomed BCX0 SCXP47320379\" lang=\"EN-US\" xml:lang=\"EN-US\" data-scheme-color=\"@FFFFFF,,\" data-usefontface=\"true\" data-contrast=\"none\"><span class=\"BCX0 SCXP47320379\">projets<\/span><\/span> <span class=\"TextRun SpellingErrorZoomed BCX0 SCXP47320379\" lang=\"EN-US\" xml:lang=\"EN-US\" data-scheme-color=\"@FFFFFF,,\" data-usefontface=\"true\" data-contrast=\"none\"><span class=\"BCX0 SCXP47320379\">industrie<\/span><\/span><span class=\"TextRun BCX0 SCXP47320379\" lang=\"EN-US\" xml:lang=\"EN-US\" data-scheme-color=\"@FFFFFF,,\" data-usefontface=\"true\" data-contrast=\"none\"><span class=\"NormalTextRun BCX0 SCXP47320379\"> 4.0 <\/span><\/span><span class=\"TextRun BCX0 SCXP47320379\" lang=\"EN-US\" xml:lang=\"EN-US\" data-scheme-color=\"@FFFFFF,,\" data-usefontface=\"true\" data-contrast=\"none\"><span class=\"NormalTextRun BCX0 SCXP47320379\">de <\/span><\/span><span class=\"TextRun SpellingErrorZoomed BCX0 SCXP47320379\" lang=\"EN-US\" xml:lang=\"EN-US\" data-scheme-color=\"@FFFFFF,,\" data-usefontface=\"true\" data-contrast=\"none\"><span class=\"BCX0 SCXP47320379\">ses<\/span><\/span> <span class=\"TextRun SpellingErrorZoomed BCX0 SCXP47320379\" lang=\"EN-US\" xml:lang=\"EN-US\" data-scheme-color=\"@FFFFFF,,\" data-usefontface=\"true\" data-contrast=\"none\"><span class=\"BCX0 SCXP47320379\">membres<\/span><\/span> <span class=\"TextRun SpellingErrorZoomed BCX0 SCXP47320379\" lang=\"EN-US\" xml:lang=\"EN-US\" data-scheme-color=\"@FFFFFF,,\" data-usefontface=\"true\" data-contrast=\"none\"><span class=\"BCX0 SCXP47320379\">en<\/span><\/span><span class=\"TextRun BCX0 SCXP47320379\" lang=\"EN-US\" xml:lang=\"EN-US\" data-scheme-color=\"@FFFFFF,,\" data-usefontface=\"true\" data-contrast=\"none\"><span class=\"NormalTextRun BCX0 SCXP47320379\"> passant par:<\/span><\/span><\/li><\/ul><ol><li style=\"list-style-type: none;\"><ol><li class=\"translation-block\">the development of the roadmap through to benchmarking potential solutions<\/li><li class=\"translation-block\">the implementation of governance<\/li><li class=\"translation-block\">change management and the design of tailored training pathways to successfully deploy new solutions<\/li><\/ol><\/li><\/ol>\t\t\t\t\t\t\t\t<\/div>\n\t\t\t\t<\/div>\n\t\t\t\t<\/div>\n\t\t\t\t\t<\/div>\n\t\t\t\t<\/div>\n\t\t\t\t<\/div>","protected":false},"excerpt":{"rendered":"<p>Support \u00e0 l&rsquo;innovation DEFI4 propose des services li\u00e9s \u00e0 : la compr\u00e9hension des enjeux des technologies de l\u2019Industrie 4.0 le partage de cas d\u2019usages et retours d\u2019exp\u00e9rience concrets sur leur d\u00e9ploiement les bonnes pratiques pour r\u00e9ussir cette transformation Pour cela, &hellip; <\/p>","protected":false},"author":2,"featured_media":0,"parent":0,"menu_order":0,"comment_status":"closed","ping_status":"closed","template":"elementor_header_footer","meta":{"pmpro_default_level":"","_monsterinsights_skip_tracking":false,"_monsterinsights_sitenote_active":false,"_monsterinsights_sitenote_note":"","_monsterinsights_sitenote_category":0,"footnotes":""},"class_list":["post-24789","page","type-page","status-publish","hentry","pmpro-has-access"],"_links":{"self":[{"href":"https:\/\/defi4.fr\/en\/wp-json\/wp\/v2\/pages\/24789","targetHints":{"allow":["GET"]}}],"collection":[{"href":"https:\/\/defi4.fr\/en\/wp-json\/wp\/v2\/pages"}],"about":[{"href":"https:\/\/defi4.fr\/en\/wp-json\/wp\/v2\/types\/page"}],"author":[{"embeddable":true,"href":"https:\/\/defi4.fr\/en\/wp-json\/wp\/v2\/users\/2"}],"replies":[{"embeddable":true,"href":"https:\/\/defi4.fr\/en\/wp-json\/wp\/v2\/comments?post=24789"}],"version-history":[{"count":7,"href":"https:\/\/defi4.fr\/en\/wp-json\/wp\/v2\/pages\/24789\/revisions"}],"predecessor-version":[{"id":25287,"href":"https:\/\/defi4.fr\/en\/wp-json\/wp\/v2\/pages\/24789\/revisions\/25287"}],"wp:attachment":[{"href":"https:\/\/defi4.fr\/en\/wp-json\/wp\/v2\/media?parent=24789"}],"curies":[{"name":"wp","href":"https:\/\/api.w.org\/{rel}","templated":true}]}}