{"id":24794,"date":"2025-10-08T08:57:15","date_gmt":"2025-10-08T06:57:15","guid":{"rendered":"https:\/\/defi4.fr\/?page_id=24794"},"modified":"2026-04-15T11:05:10","modified_gmt":"2026-04-15T09:05:10","slug":"apa","status":"publish","type":"page","link":"https:\/\/defi4.fr\/en\/apa\/","title":{"rendered":"APA"},"content":{"rendered":"<div data-elementor-type=\"wp-page\" data-elementor-id=\"24794\" class=\"elementor elementor-24794\">\n\t\t\t\t<div class=\"elementor-element elementor-element-ac433ff e-flex e-con-boxed e-con e-parent\" data-id=\"ac433ff\" data-element_type=\"container\" data-e-type=\"container\">\n\t\t\t\t\t<div class=\"e-con-inner\">\n\t\t\t\t<div class=\"elementor-element elementor-element-63fe99a elementor-widget elementor-widget-heading\" data-id=\"63fe99a\" data-element_type=\"widget\" data-e-type=\"widget\" data-widget_type=\"heading.default\">\n\t\t\t\t<div class=\"elementor-widget-container\">\n\t\t\t\t\t<h2 class=\"elementor-heading-title elementor-size-default\">Hands-on awareness workshops<\/h2>\t\t\t\t<\/div>\n\t\t\t\t<\/div>\n\t\t\t\t<div class=\"elementor-element elementor-element-5d29b43 elementor-widget elementor-widget-spacer\" data-id=\"5d29b43\" data-element_type=\"widget\" data-e-type=\"widget\" data-widget_type=\"spacer.default\">\n\t\t\t\t<div class=\"elementor-widget-container\">\n\t\t\t\t\t\t\t<div class=\"elementor-spacer\">\n\t\t\t<div class=\"elementor-spacer-inner\"><\/div>\n\t\t<\/div>\n\t\t\t\t\t\t<\/div>\n\t\t\t\t<\/div>\n\t\t<div class=\"elementor-element elementor-element-e9a71d7 e-con-full e-flex e-con e-child\" data-id=\"e9a71d7\" data-element_type=\"container\" data-e-type=\"container\">\n\t\t\t\t<div class=\"elementor-element elementor-element-8482e7e elementor-widget elementor-widget-image\" data-id=\"8482e7e\" data-element_type=\"widget\" data-e-type=\"widget\" data-widget_type=\"image.default\">\n\t\t\t\t<div class=\"elementor-widget-container\">\n\t\t\t\t\t\t\t\t\t\t\t\t\t\t\t<img fetchpriority=\"high\" decoding=\"async\" width=\"1536\" height=\"1152\" src=\"https:\/\/defi4.fr\/wp-content\/uploads\/2026\/04\/IMG_5911-1536x1152.jpeg\" class=\"attachment-1536x1536 size-1536x1536 wp-image-25259\" alt=\"\" srcset=\"https:\/\/defi4.fr\/wp-content\/uploads\/2026\/04\/IMG_5911-1536x1152.jpeg 1536w, https:\/\/defi4.fr\/wp-content\/uploads\/2026\/04\/IMG_5911-300x225.jpeg 300w, https:\/\/defi4.fr\/wp-content\/uploads\/2026\/04\/IMG_5911-1024x768.jpeg 1024w, https:\/\/defi4.fr\/wp-content\/uploads\/2026\/04\/IMG_5911-768x576.jpeg 768w, https:\/\/defi4.fr\/wp-content\/uploads\/2026\/04\/IMG_5911-16x12.jpeg 16w, https:\/\/defi4.fr\/wp-content\/uploads\/2026\/04\/IMG_5911.jpeg 2016w\" sizes=\"(max-width: 1536px) 100vw, 1536px\" \/>\t\t\t\t\t\t\t\t\t\t\t\t\t\t\t<\/div>\n\t\t\t\t<\/div>\n\t\t\t\t<div class=\"elementor-element elementor-element-ecbc804 elementor-widget elementor-widget-text-editor\" data-id=\"ecbc804\" data-element_type=\"widget\" data-e-type=\"widget\" data-widget_type=\"text-editor.default\">\n\t\t\t\t<div class=\"elementor-widget-container\">\n\t\t\t\t\t\t\t\t\t<ul><li><p data-ccp-props=\"{&quot;335551550&quot;:1,&quot;335551620&quot;:1,&quot;335559683&quot;:0,&quot;335559685&quot;:0,&quot;335559731&quot;:0,&quot;335559737&quot;:0,&quot;335562764&quot;:4,&quot;335562765&quot;:18.66,&quot;335562766&quot;:4,&quot;335562767&quot;:0,&quot;335562768&quot;:4,&quot;335562769&quot;:0}\" class=\"translation-block\"><b><span data-scheme-color=\"@FFFFFF,,\" data-usefontface=\"true\" data-contrast=\"none\">DEFI4 <\/span><\/b> offers practical workshops that can be used at events open to the general public (thematic health and safety days, science days, etc.) or at seminars designed to raise awareness of Industry 4.0 technologies and use cases.<\/p><\/li><\/ul><ol><li style=\"list-style-type: none;\"><ol><li data-ccp-props=\"{&quot;335551550&quot;:6,&quot;335551620&quot;:6,&quot;335559683&quot;:0,&quot;335559685&quot;:0,&quot;335559731&quot;:0,&quot;335559737&quot;:0,&quot;335562764&quot;:4,&quot;335562765&quot;:18.66,&quot;335562766&quot;:4,&quot;335562767&quot;:0,&quot;335562768&quot;:4,&quot;335562769&quot;:0}\" class=\"translation-block\">These workshops are delivered turnkey (equipment, facilitation, and facilitator) for the duration of the event.<\/li><li class=\"translation-block\">These workshops can be subject to specific quotations or included in a Service Pack.<\/li><\/ol><\/li><\/ol>\t\t\t\t\t\t\t\t<\/div>\n\t\t\t\t<\/div>\n\t\t\t\t<\/div>\n\t\t\t\t\t<\/div>\n\t\t\t\t<\/div>\n\t\t\t\t<\/div>","protected":false},"excerpt":{"rendered":"<p>Ateliers pratiques d&rsquo;acculturation DEFI4 propose des ateliers pratiques pouvant \u00eatre utilis\u00e9s lors d\u2019\u00e9v\u00e9nements ouverts au plus grand nombre (journ\u00e9e th\u00e9matique sant\u00e9 s\u00e9curit\u00e9, journ\u00e9e de la science, etc.) ou lors de s\u00e9minaires permettant de sensibiliser aux technologies ou aux cas d\u2019usages &hellip; <\/p>","protected":false},"author":2,"featured_media":0,"parent":0,"menu_order":0,"comment_status":"closed","ping_status":"closed","template":"elementor_header_footer","meta":{"pmpro_default_level":"","_monsterinsights_skip_tracking":false,"_monsterinsights_sitenote_active":false,"_monsterinsights_sitenote_note":"","_monsterinsights_sitenote_category":0,"footnotes":""},"class_list":["post-24794","page","type-page","status-publish","hentry","pmpro-has-access"],"_links":{"self":[{"href":"https:\/\/defi4.fr\/en\/wp-json\/wp\/v2\/pages\/24794","targetHints":{"allow":["GET"]}}],"collection":[{"href":"https:\/\/defi4.fr\/en\/wp-json\/wp\/v2\/pages"}],"about":[{"href":"https:\/\/defi4.fr\/en\/wp-json\/wp\/v2\/types\/page"}],"author":[{"embeddable":true,"href":"https:\/\/defi4.fr\/en\/wp-json\/wp\/v2\/users\/2"}],"replies":[{"embeddable":true,"href":"https:\/\/defi4.fr\/en\/wp-json\/wp\/v2\/comments?post=24794"}],"version-history":[{"count":16,"href":"https:\/\/defi4.fr\/en\/wp-json\/wp\/v2\/pages\/24794\/revisions"}],"predecessor-version":[{"id":25283,"href":"https:\/\/defi4.fr\/en\/wp-json\/wp\/v2\/pages\/24794\/revisions\/25283"}],"wp:attachment":[{"href":"https:\/\/defi4.fr\/en\/wp-json\/wp\/v2\/media?parent=24794"}],"curies":[{"name":"wp","href":"https:\/\/api.w.org\/{rel}","templated":true}]}}