{"id":24800,"date":"2025-10-08T09:03:24","date_gmt":"2025-10-08T07:03:24","guid":{"rendered":"https:\/\/defi4.fr\/?page_id=24800"},"modified":"2026-04-15T11:09:37","modified_gmt":"2026-04-15T09:09:37","slug":"if","status":"publish","type":"page","link":"https:\/\/defi4.fr\/en\/if\/","title":{"rendered":"IF"},"content":{"rendered":"<div data-elementor-type=\"wp-page\" data-elementor-id=\"24800\" class=\"elementor elementor-24800\">\n\t\t\t\t<div class=\"elementor-element elementor-element-ceca29a e-flex e-con-boxed e-con e-parent\" data-id=\"ceca29a\" data-element_type=\"container\" data-e-type=\"container\">\n\t\t\t\t\t<div class=\"e-con-inner\">\n\t\t\t\t<div class=\"elementor-element elementor-element-5d9e843 elementor-widget elementor-widget-heading\" data-id=\"5d9e843\" data-element_type=\"widget\" data-e-type=\"widget\" data-widget_type=\"heading.default\">\n\t\t\t\t<div class=\"elementor-widget-container\">\n\t\t\t\t\t<h2 class=\"elementor-heading-title elementor-size-default\">Ing\u00e9nierie de formation<\/h2>\t\t\t\t<\/div>\n\t\t\t\t<\/div>\n\t\t\t\t<div class=\"elementor-element elementor-element-931b449 elementor-widget elementor-widget-spacer\" data-id=\"931b449\" data-element_type=\"widget\" data-e-type=\"widget\" data-widget_type=\"spacer.default\">\n\t\t\t\t<div class=\"elementor-widget-container\">\n\t\t\t\t\t\t\t<div class=\"elementor-spacer\">\n\t\t\t<div class=\"elementor-spacer-inner\"><\/div>\n\t\t<\/div>\n\t\t\t\t\t\t<\/div>\n\t\t\t\t<\/div>\n\t\t<div class=\"elementor-element elementor-element-bdd3fdc e-con-full e-flex e-con e-child\" data-id=\"bdd3fdc\" data-element_type=\"container\" data-e-type=\"container\">\n\t\t\t\t<div class=\"elementor-element elementor-element-e7ce75e elementor-widget elementor-widget-image\" data-id=\"e7ce75e\" data-element_type=\"widget\" data-e-type=\"widget\" data-widget_type=\"image.default\">\n\t\t\t\t<div class=\"elementor-widget-container\">\n\t\t\t\t\t\t\t\t\t\t\t\t\t\t\t<img fetchpriority=\"high\" decoding=\"async\" width=\"640\" height=\"426\" src=\"https:\/\/defi4.fr\/wp-content\/uploads\/2024\/11\/Acculturation-3.jpg\" class=\"attachment-large size-large wp-image-23090\" alt=\"\" srcset=\"https:\/\/defi4.fr\/wp-content\/uploads\/2024\/11\/Acculturation-3.jpg 800w, https:\/\/defi4.fr\/wp-content\/uploads\/2024\/11\/Acculturation-3-300x200.jpg 300w, https:\/\/defi4.fr\/wp-content\/uploads\/2024\/11\/Acculturation-3-768x512.jpg 768w, https:\/\/defi4.fr\/wp-content\/uploads\/2024\/11\/Acculturation-3-600x400.jpg 600w\" sizes=\"(max-width: 640px) 100vw, 640px\" \/>\t\t\t\t\t\t\t\t\t\t\t\t\t\t\t<\/div>\n\t\t\t\t<\/div>\n\t\t\t\t<div class=\"elementor-element elementor-element-2bb644c elementor-widget elementor-widget-text-editor\" data-id=\"2bb644c\" data-element_type=\"widget\" data-e-type=\"widget\" data-widget_type=\"text-editor.default\">\n\t\t\t\t<div class=\"elementor-widget-container\">\n\t\t\t\t\t\t\t\t\t<ul><li><p data-ccp-props=\"{&quot;335551550&quot;:1,&quot;335551620&quot;:1,&quot;335559683&quot;:0,&quot;335559685&quot;:0,&quot;335559731&quot;:0,&quot;335559737&quot;:0,&quot;335562764&quot;:4,&quot;335562765&quot;:18.66,&quot;335562766&quot;:4,&quot;335562767&quot;:0,&quot;335562768&quot;:4,&quot;335562769&quot;:0}\" class=\"translation-block\"><b><span data-scheme-color=\"@FFFFFF,,\" data-usefontface=\"true\" data-contrast=\"none\">DEFI4 <\/span><\/b> offers:<\/p><\/li><\/ul><ol><li style=\"list-style-type: none;\"><ol><li data-ccp-props=\"{&quot;335551550&quot;:6,&quot;335551620&quot;:6,&quot;335559683&quot;:0,&quot;335559685&quot;:0,&quot;335559731&quot;:0,&quot;335559737&quot;:0,&quot;335562764&quot;:4,&quot;335562765&quot;:18.66,&quot;335562766&quot;:4,&quot;335562767&quot;:0,&quot;335562768&quot;:4,&quot;335562769&quot;:0}\" class=\"translation-block\">a methodological approach<\/li><li class=\"translation-block\">tools designed to support its members in creating new pathways that leverage Industry 4.0 technologies.<\/li><\/ol><\/li><\/ol><ul><li><p data-ccp-props=\"{&quot;335551550&quot;:1,&quot;335551620&quot;:1,&quot;335559683&quot;:0,&quot;335559685&quot;:0,&quot;335559731&quot;:0,&quot;335559737&quot;:0,&quot;335562764&quot;:4,&quot;335562765&quot;:18.66,&quot;335562766&quot;:4,&quot;335562767&quot;:0,&quot;335562768&quot;:4,&quot;335562769&quot;:0}\" class=\"translation-block\">This educational engineering can lead to:<\/p><\/li><\/ul><ol><li style=\"list-style-type: none;\"><ol><li data-ccp-props=\"{&quot;335551550&quot;:6,&quot;335551620&quot;:6,&quot;335559683&quot;:0,&quot;335559685&quot;:0,&quot;335559731&quot;:0,&quot;335559737&quot;:0,&quot;335562764&quot;:4,&quot;335562765&quot;:18.66,&quot;335562766&quot;:4,&quot;335562767&quot;:0,&quot;335562768&quot;:4,&quot;335562769&quot;:0}\" class=\"translation-block\">the creation of training programs, optionally listed in the DEFI4 catalog or in the member\u2019s catalog if the latter is a training organization<\/li><\/ol><\/li><\/ol><p class=\"translation-block\">These engineering sessions are generally included in a Service Pack.<\/p>\t\t\t\t\t\t\t\t<\/div>\n\t\t\t\t<\/div>\n\t\t\t\t<\/div>\n\t\t\t\t\t<\/div>\n\t\t\t\t<\/div>\n\t\t\t\t<\/div>","protected":false},"excerpt":{"rendered":"<p>Ing\u00e9nierie de formation DEFI4 propose :\u200b\u200b une approche m\u00e9thodologique \u200b des outils permettant d\u2019accompagner ses membres dans la cr\u00e9ation de nouveaux parcours mettant \u00e0 profit les technologies de l\u2019Industrie 4.0. Cette ing\u00e9nierie p\u00e9dagogique peut aboutir \u00e0 :\u200b\u200b\u200b la cr\u00e9ation de &hellip; <\/p>","protected":false},"author":2,"featured_media":0,"parent":0,"menu_order":0,"comment_status":"closed","ping_status":"closed","template":"elementor_header_footer","meta":{"pmpro_default_level":"","_monsterinsights_skip_tracking":false,"_monsterinsights_sitenote_active":false,"_monsterinsights_sitenote_note":"","_monsterinsights_sitenote_category":0,"footnotes":""},"class_list":["post-24800","page","type-page","status-publish","hentry","pmpro-has-access"],"_links":{"self":[{"href":"https:\/\/defi4.fr\/en\/wp-json\/wp\/v2\/pages\/24800","targetHints":{"allow":["GET"]}}],"collection":[{"href":"https:\/\/defi4.fr\/en\/wp-json\/wp\/v2\/pages"}],"about":[{"href":"https:\/\/defi4.fr\/en\/wp-json\/wp\/v2\/types\/page"}],"author":[{"embeddable":true,"href":"https:\/\/defi4.fr\/en\/wp-json\/wp\/v2\/users\/2"}],"replies":[{"embeddable":true,"href":"https:\/\/defi4.fr\/en\/wp-json\/wp\/v2\/comments?post=24800"}],"version-history":[{"count":13,"href":"https:\/\/defi4.fr\/en\/wp-json\/wp\/v2\/pages\/24800\/revisions"}],"predecessor-version":[{"id":25290,"href":"https:\/\/defi4.fr\/en\/wp-json\/wp\/v2\/pages\/24800\/revisions\/25290"}],"wp:attachment":[{"href":"https:\/\/defi4.fr\/en\/wp-json\/wp\/v2\/media?parent=24800"}],"curies":[{"name":"wp","href":"https:\/\/api.w.org\/{rel}","templated":true}]}}