{"id":24960,"date":"2025-12-03T15:16:22","date_gmt":"2025-12-03T14:16:22","guid":{"rendered":"https:\/\/defi4.fr\/?page_id=24960"},"modified":"2025-12-03T15:18:29","modified_gmt":"2025-12-03T14:18:29","slug":"rgpd","status":"publish","type":"page","link":"https:\/\/defi4.fr\/en\/rgpd\/","title":{"rendered":"rgpd"},"content":{"rendered":"<div data-elementor-type=\"wp-page\" data-elementor-id=\"24960\" class=\"elementor elementor-24960\">\n\t\t\t\t<div class=\"elementor-element elementor-element-f1c1bc5 e-flex e-con-boxed e-con e-parent\" data-id=\"f1c1bc5\" data-element_type=\"container\" data-e-type=\"container\">\n\t\t\t\t\t<div class=\"e-con-inner\">\n\t\t\t\t<div class=\"elementor-element elementor-element-1e6f844 elementor-widget elementor-widget-heading\" data-id=\"1e6f844\" data-element_type=\"widget\" data-e-type=\"widget\" data-widget_type=\"heading.default\">\n\t\t\t\t<div class=\"elementor-widget-container\">\n\t\t\t\t\t<h1 class=\"elementor-heading-title elementor-size-default\">Formualire de droit \u00e0 l'image<\/h1>\t\t\t\t<\/div>\n\t\t\t\t<\/div>\n\t\t\t\t<div class=\"elementor-element elementor-element-7b42658 elementor-widget elementor-widget-thim-ekits-contact-form-7\" data-id=\"7b42658\" data-element_type=\"widget\" data-e-type=\"widget\" data-widget_type=\"thim-ekits-contact-form-7.default\">\n\t\t\t\t<div class=\"elementor-widget-container\">\n\t\t\t\t\t\t\t\t<div class=\"thim-ekit-wpcf7\">\n\t\t\t\t\n<div class=\"wpcf7 no-js\" id=\"wpcf7-f24732-o1\" lang=\"fr-FR\" dir=\"ltr\" data-wpcf7-id=\"24732\">\n<div class=\"screen-reader-response\"><p role=\"status\" aria-live=\"polite\" aria-atomic=\"true\"><\/p> <ul><\/ul><\/div>\n<form action=\"\/en\/wp-json\/wp\/v2\/pages\/24960#wpcf7-f24732-o1\" method=\"post\" class=\"wpcf7-form init\" aria-label=\"Formulaire de contact\" novalidate=\"novalidate\" data-status=\"init\" data-trp-original-action=\"\/en\/wp-json\/wp\/v2\/pages\/24960#wpcf7-f24732-o1\">\n<fieldset class=\"hidden-fields-container\"><input type=\"hidden\" name=\"_wpcf7\" value=\"24732\" \/><input type=\"hidden\" name=\"_wpcf7_version\" value=\"6.1.5\" \/><input type=\"hidden\" name=\"_wpcf7_locale\" value=\"fr_FR\" \/><input type=\"hidden\" name=\"_wpcf7_unit_tag\" value=\"wpcf7-f24732-o1\" \/><input type=\"hidden\" name=\"_wpcf7_container_post\" value=\"0\" \/><input type=\"hidden\" name=\"_wpcf7_posted_data_hash\" value=\"\" \/><input type=\"hidden\" name=\"redirect_nonce\" value=\"db999e8203\" \/><input type=\"hidden\" name=\"wpcf7cfpdf_hidden_name\" value=\"document-pdf\" \/><input type=\"hidden\" name=\"wpcf7cfpdf_hidden_reference\" value=\"3edf511f\" \/><input type=\"hidden\" name=\"wpcf7cfpdf_hidden_date\" value=\"30avril2026\" \/>\n<\/fieldset>\n<!-- Autorisation de droit \u00e0 l'image \u2013 DEFI4 -->\n<div class=\"cf7-defi4\">\n\t<h3>Identit\u00e9 du participant\n\t<\/h3>\n\t<h6> Nom (obligatoire)\n\t<\/h6>\n\t<p><span class=\"wpcf7-form-control-wrap\" data-name=\"nom\"><input size=\"40\" maxlength=\"400\" class=\"wpcf7-form-control wpcf7-text wpcf7-validates-as-required\" aria-required=\"true\" aria-invalid=\"false\" placeholder=\"Dupont\" value=\"\" type=\"text\" name=\"nom\" \/><\/span>\n\t<\/p>\n\t<h6> Pr\u00e9nom (obligatoire)\n\t<\/h6>\n\t<p><span class=\"wpcf7-form-control-wrap\" data-name=\"prenom\"><input size=\"40\" maxlength=\"400\" class=\"wpcf7-form-control wpcf7-text wpcf7-validates-as-required\" aria-required=\"true\" aria-invalid=\"false\" placeholder=\"Marie\" value=\"\" type=\"text\" name=\"prenom\" \/><\/span>\n\t<\/p>\n\t<h6>Adresse e-mail (obligatoire)\n\t<\/h6>\n\t<p><span class=\"wpcf7-form-control-wrap\" data-name=\"email\"><input size=\"40\" maxlength=\"400\" class=\"wpcf7-form-control wpcf7-email wpcf7-validates-as-required wpcf7-text wpcf7-validates-as-email\" aria-required=\"true\" aria-invalid=\"false\" placeholder=\"exemple@domaine.com\" value=\"\" type=\"email\" name=\"email\" \/><\/span>\n\t<\/p>\n<hr \/>\n\t<h3>Objet de l\u2019autorisation\n\t<\/h3>\n\t<p><br \/>\nJ\u2019autorise \u00e0 capter et utiliser mon image et\/ou ma voix (photos, vid\u00e9os, enregistrements audio) r\u00e9alis\u00e9es dans le cadre des activit\u00e9s de formation et \u00e9v\u00e9nements DEFI4.\n\t<\/p>\n\t<h4>\u00c9tendue de l\u2019autorisation\n\t<\/h4>\n\t<ul>\n\t\t<li>\n\t\t\t<p><strong>Supports :<\/strong> site web de DEFI4 (defi4.fr), r\u00e9seaux sociaux professionnels, brochures et supports imprim\u00e9s, pr\u00e9sentations, newsletters, rapports d\u2019activit\u00e9, supports p\u00e9dagogiques internes\/externes.\n\t\t\t<\/p>\n\t\t<\/li>\n\t\t<li>\n\t\t\t<p><strong>Territoire :<\/strong> monde entier.\n\t\t\t<\/p>\n\t\t<\/li>\n\t\t<li>\n\t\t\t<p><strong>Dur\u00e9e :<\/strong> 5 ans \u00e0 compter de la date ci-dessous.\n\t\t\t<\/p>\n\t\t<\/li>\n\t\t<li>\n\t\t\t<p><strong>Conditions :<\/strong> utilisation non exclusive, sans contrepartie financi\u00e8re, \u00e0 des fins d\u2019information, de communication et de valorisation des activit\u00e9s de DEFI4.\n\t\t\t<\/p>\n\t\t<\/li>\n\t<\/ul>\n\t<h3>Participants mineurs\n\t<\/h3>\n\t<p>Si le participant est mineur, l\u2019autorisation doit \u00eatre donn\u00e9e par le repr\u00e9sentant l\u00e9gal (parent\/tuteur).\n\t<\/p>\n\t<p><span class=\"wpcf7-form-control-wrap\" data-name=\"mineur\"><span class=\"wpcf7-form-control wpcf7-checkbox\"><span class=\"wpcf7-list-item first last\"><label><input type=\"checkbox\" name=\"mineur[]\" value=\"Le participant est mineur\" \/><span class=\"wpcf7-list-item-label\">Le participant est mineur<\/span><\/label><\/span><\/span><\/span>\n\t<\/p>\n\t<div style=\"height:8px\">\n\t<\/div>\n\t<p><span class=\"wpcf7-form-control-wrap\" data-name=\"rep_legal_nom\"><input size=\"40\" maxlength=\"400\" class=\"wpcf7-form-control wpcf7-text wpcf7-validates-as-required\" aria-required=\"true\" aria-invalid=\"false\" placeholder=\"Nom du repr\u00e9sentant l\u00e9gal (si mineur)\" value=\"\" type=\"text\" name=\"rep_legal_nom\" \/><\/span>\n\t<\/p>\n\t<div style=\"height:8px\">\n\t<\/div>\n\t<p><span class=\"wpcf7-form-control-wrap\" data-name=\"rep_legal_qualite\"><input size=\"40\" maxlength=\"400\" class=\"wpcf7-form-control wpcf7-text wpcf7-validates-as-required\" aria-required=\"true\" aria-invalid=\"false\" placeholder=\"Qualit\u00e9 (Parent \/ Tuteur)\" value=\"\" type=\"text\" name=\"rep_legal_qualite\" \/><\/span>\n\t<\/p>\n\n<!-- Petite espace avant la section suivante -->\n\t<div style=\"height:14px\">\n\t<\/div>\n\t<h3>Protection des donn\u00e9es (RGPD)\n\t<\/h3>\n\t<p><br \/>\nLes informations recueillies sont trait\u00e9es par DEFI4 en tant que responsable de traitement, pour g\u00e9rer les autorisations de droit \u00e0 l\u2019image et prouver le consentement.\n\t<\/p>\n\t<ul>\n\t\t<li>\n\t\t\t<p><strong>Base l\u00e9gale :<\/strong> consentement (art. 6.1.a RGPD).\n\t\t\t<\/p>\n\t\t<\/li>\n\t\t<li>\n\t\t\t<p><strong>Destinataires :<\/strong> \u00e9quipes communication\/formation DEFI4 et prestataires habilit\u00e9s.\n\t\t\t<\/p>\n\t\t<\/li>\n\t\t<li>\n\t\t\t<p><strong>Conservation :<\/strong> dur\u00e9e de l\u2019autorisation + dur\u00e9e l\u00e9gale de preuve.\n\t\t\t<\/p>\n\t\t<\/li>\n\t\t<li>\n\t\t\t<p><strong>Vos droits :<\/strong> acc\u00e8s, rectification, effacement, limitation, retrait du consentement et opposition \u2013 <strong>contact@defi4.fr<\/strong>.\n\t\t\t<\/p>\n\t\t<\/li>\n\t<\/ul>\n\t<h3>Attestations\n\t<\/h3>\n\t<p><span class=\"wpcf7-form-control-wrap\" data-name=\"attestation_lecture\"><span class=\"wpcf7-form-control wpcf7-checkbox wpcf7-validates-as-required\"><span class=\"wpcf7-list-item first last\"><label><input type=\"checkbox\" name=\"attestation_lecture[]\" value=\"J\u2019ai lu et compris ce formulaire.\" \/><span class=\"wpcf7-list-item-label\">J\u2019ai lu et compris ce formulaire.<\/span><\/label><\/span><\/span><\/span><br \/>\n<span class=\"wpcf7-form-control-wrap\" data-name=\"attestation_exactitude\"><span class=\"wpcf7-form-control wpcf7-checkbox wpcf7-validates-as-required\"><span class=\"wpcf7-list-item first last\"><label><input type=\"checkbox\" name=\"attestation_exactitude[]\" value=\"Je certifie que les informations fournies sont exactes et me concernent.\" \/><span class=\"wpcf7-list-item-label\">Je certifie que les informations fournies sont exactes et me concernent.<\/span><\/label><\/span><\/span><\/span><br \/>\n<span class=\"wpcf7-form-control-wrap\" data-name=\"attestation_rgpd\"><span class=\"wpcf7-form-control wpcf7-checkbox wpcf7-validates-as-required\"><span class=\"wpcf7-list-item first last\"><label><input type=\"checkbox\" name=\"attestation_rgpd[]\" value=\"Je consens au traitement de mes donn\u00e9es conform\u00e9ment au RGPD.\" \/><span class=\"wpcf7-list-item-label\">Je consens au traitement de mes donn\u00e9es conform\u00e9ment au RGPD.<\/span><\/label><\/span><\/span><\/span>\n\t<\/p>\n\t<h3>Validation finale\n\t<\/h3>\n\t<p><span class=\"wpcf7-form-control-wrap\" data-name=\"final_validation\"><span class=\"wpcf7-form-control wpcf7-acceptance\"><span class=\"wpcf7-list-item\"><label><input type=\"checkbox\" name=\"final_validation\" value=\"1\" aria-invalid=\"false\" \/><span class=\"wpcf7-list-item-label\">Je confirme avoir pris connaissance du contenu du formulaire, en comprendre la port\u00e9e et donne mon accord en ligne, en lieu et place d\u2019une signature manuscrite.<\/span><\/label><\/span><\/span><\/span>\n\t<\/p>\n\t<p><input class=\"wpcf7-form-control wpcf7-submit has-spinner\" type=\"submit\" value=\"Envoyer\" \/>\n\t<\/p>\n\t<h3>Retrait de l\u2019autorisation\n\t<\/h3>\n\t<p><br \/>\nJe peux retirer mon consentement \u00e0 tout moment en \u00e9crivant \u00e0 <strong>contact@defi4.fr<\/strong>.<br \/>\nLe retrait n\u2019a pas d\u2019effet r\u00e9troactif sur les diffusions d\u00e9j\u00e0 r\u00e9alis\u00e9es.\n\t<\/p>\n<\/div><div class=\"wpcf7-response-output\" aria-hidden=\"true\"><\/div>\n<input type=\"hidden\" name=\"trp-form-language\" value=\"en\"\/><\/form>\n<\/div>\n\t\t\t<\/div>\n\t\t\t\t\t\t<\/div>\n\t\t\t\t<\/div>\n\t\t\t\t\t<\/div>\n\t\t\t\t<\/div>\n\t\t\t\t<\/div>","protected":false},"excerpt":{"rendered":"<p>Formualire de droit \u00e0 l&rsquo;image Identit\u00e9 du participant Nom (obligatoire) Pr\u00e9nom (obligatoire) Adresse e-mail (obligatoire) Objet de l\u2019autorisation J\u2019autorise \u00e0 capter et utiliser mon image et\/ou ma voix (photos, vid\u00e9os, enregistrements audio) r\u00e9alis\u00e9es dans le cadre des activit\u00e9s de formation &hellip; <\/p>","protected":false},"author":2,"featured_media":0,"parent":0,"menu_order":0,"comment_status":"closed","ping_status":"closed","template":"elementor_header_footer","meta":{"pmpro_default_level":"","_monsterinsights_skip_tracking":false,"_monsterinsights_sitenote_active":false,"_monsterinsights_sitenote_note":"","_monsterinsights_sitenote_category":0,"footnotes":""},"class_list":["post-24960","page","type-page","status-publish","hentry","pmpro-has-access"],"_links":{"self":[{"href":"https:\/\/defi4.fr\/en\/wp-json\/wp\/v2\/pages\/24960","targetHints":{"allow":["GET"]}}],"collection":[{"href":"https:\/\/defi4.fr\/en\/wp-json\/wp\/v2\/pages"}],"about":[{"href":"https:\/\/defi4.fr\/en\/wp-json\/wp\/v2\/types\/page"}],"author":[{"embeddable":true,"href":"https:\/\/defi4.fr\/en\/wp-json\/wp\/v2\/users\/2"}],"replies":[{"embeddable":true,"href":"https:\/\/defi4.fr\/en\/wp-json\/wp\/v2\/comments?post=24960"}],"version-history":[{"count":7,"href":"https:\/\/defi4.fr\/en\/wp-json\/wp\/v2\/pages\/24960\/revisions"}],"predecessor-version":[{"id":24967,"href":"https:\/\/defi4.fr\/en\/wp-json\/wp\/v2\/pages\/24960\/revisions\/24967"}],"wp:attachment":[{"href":"https:\/\/defi4.fr\/en\/wp-json\/wp\/v2\/media?parent=24960"}],"curies":[{"name":"wp","href":"https:\/\/api.w.org\/{rel}","templated":true}]}}