{"id":3,"date":"2024-09-24T11:12:18","date_gmt":"2024-09-24T09:12:18","guid":{"rendered":"https:\/\/defi4.fr\/?page_id=3"},"modified":"2025-09-08T10:40:53","modified_gmt":"2025-09-08T08:40:53","slug":"politique-de-confidentialite","status":"publish","type":"page","link":"https:\/\/defi4.fr\/en\/politique-de-confidentialite\/","title":{"rendered":"Politique de confidentialit\u00e9"},"content":{"rendered":"<div data-elementor-type=\"wp-page\" data-elementor-id=\"3\" class=\"elementor elementor-3\">\n\t\t\t\t<div class=\"elementor-element elementor-element-5fdb6a49 e-flex e-con-boxed e-con e-parent\" data-id=\"5fdb6a49\" data-element_type=\"container\" data-e-type=\"container\">\n\t\t\t\t\t<div class=\"e-con-inner\">\n\t\t\t\t<div class=\"elementor-element elementor-element-6aa082e3 elementor-widget elementor-widget-text-editor\" data-id=\"6aa082e3\" data-element_type=\"widget\" data-e-type=\"widget\" data-widget_type=\"text-editor.default\">\n\t\t\t\t<div class=\"elementor-widget-container\">\n\t\t\t\t\t\t\t\t\t<h1>POLITIQUE DE CONFIDENTIALIT\u00c9<\/h1>\n<p>La pr\u00e9sente politique de confidentialit\u00e9 a pour objectif d\u2019informer les utilisateurs du site https:\/\/defi4.fr sur la mani\u00e8re dont leurs donn\u00e9es personnelles sont collect\u00e9es, utilis\u00e9es et prot\u00e9g\u00e9es, conform\u00e9ment au R\u00e8glement G\u00e9n\u00e9ral sur la Protection des Donn\u00e9es (RGPD).<\/p>\n<h2>Responsable du traitement<\/h2>\n<p>Association DEFI4<\/p>\n<p>SIRET : 924 251 473 00014 \u2013&nbsp; \u2013 Code APE 9412Z<\/p>\n<p>Si\u00e8ge social : 2 Rue du Jardin des Traces, 57120 UCKANGE, France<\/p>\n<p>Email : contact@defi4.fr<\/p>\n<h2>Donn\u00e9es collect\u00e9es via le site<\/h2>\n<p>Nous pouvons collecter les donn\u00e9es suivantes :<\/p>\n<p>&#8211; Donn\u00e9es saisies dans les formulaires de contact ou d\u2019inscription<\/p>\n<p>&#8211; Informations li\u00e9es aux commentaires (nom, email, adresse IP)<\/p>\n<p>&#8211; Donn\u00e9es techniques de navigation (cookies, adresse IP, type de navigateur)<\/p>\n<p>&#8211; Contenus multim\u00e9dias t\u00e9l\u00e9vers\u00e9s (images, documents)<br><br>Pour plus d\u2019informations, consultez notre&nbsp;<a href=\"https:\/\/defi4.fr\/en\/charte-de-protection-des-donnees-personnelles\/\" target=\"_blank\" rel=\"noopener\" style=\"transition-property: all; background-color: rgb(255, 255, 255); color: rgb(24, 35, 78);\">Charte RGPD<\/a>&nbsp;compl\u00e8te.<\/p>\n<h2>Cookies<\/h2>\n<p>Le site utilise des cookies pour am\u00e9liorer votre exp\u00e9rience, m\u00e9moriser vos pr\u00e9f\u00e9rences et mesurer l\u2019audience.<\/p>\n<p>Vous pouvez configurer votre navigateur pour refuser les cookies ou \u00eatre averti de leur d\u00e9p\u00f4t.<\/p>\n<p>Pour plus de d\u00e9tails sur les cookies utilis\u00e9s, consultez notre&nbsp;<a href=\"https:\/\/defi4.fr\/en\/charte-de-protection-des-donnees-personnelles\/\" target=\"_blank\" rel=\"noopener\">Charte RGPD<\/a>&nbsp;compl\u00e8te.<\/p>\n<h2>Utilisation des donn\u00e9es<\/h2>\n<p>Les donn\u00e9es collect\u00e9es sont utilis\u00e9es pour :<\/p>\n<p>&#8211; R\u00e9pondre \u00e0 vos demandes via les formulaires<\/p>\n<p>&#8211; G\u00e9rer les commentaires et la s\u00e9curit\u00e9 du site<\/p>\n<p>&#8211; Assurer le bon fonctionnement du site et am\u00e9liorer l\u2019exp\u00e9rience utilisateur<br><br>Pour plus d\u2019informations, consultez notre&nbsp;<a href=\"https:\/\/defi4.fr\/en\/charte-de-protection-des-donnees-personnelles\/\" target=\"_blank\" rel=\"noopener\" style=\"transition-property: all; background-color: rgb(255, 255, 255); color: rgb(24, 35, 78);\">Charte RGPD<\/a>&nbsp;compl\u00e8te.<\/p>\n<h2>Dur\u00e9e de conservation<\/h2>\n<p>Les donn\u00e9es sont conserv\u00e9es uniquement pour la dur\u00e9e n\u00e9cessaire aux finalit\u00e9s pour lesquelles elles ont \u00e9t\u00e9 collect\u00e9es, conform\u00e9ment \u00e0 notre Charte de protection des donn\u00e9es.<\/p>\n<h2>Vos droits<\/h2>\n<p>Vous disposez des droits d\u2019acc\u00e8s, de rectification, d\u2019opposition, d\u2019effacement et de portabilit\u00e9 de vos donn\u00e9es.<\/p>\n<p>Pour exercer vos droits : contact@defi4.fr<\/p>\n<p>Pour plus d\u2019informations, consultez notre&nbsp;<a href=\"https:\/\/defi4.fr\/en\/charte-de-protection-des-donnees-personnelles\/\" target=\"_blank\" rel=\"noopener\">Charte RGPD<\/a>&nbsp;compl\u00e8te.<\/p>\n<h2>Contenu embarqu\u00e9 depuis d\u2019autres sites<\/h2>\n<p>Les articles de ce site peuvent inclure des contenus int\u00e9gr\u00e9s (vid\u00e9os, images, etc.). Ces sites peuvent collecter des donn\u00e9es vous concernant conform\u00e9ment \u00e0 leur propre politique de confidentialit\u00e9.<br><br>Pour plus d\u2019informations, consultez notre&nbsp;<a href=\"https:\/\/defi4.fr\/en\/charte-de-protection-des-donnees-personnelles\/\" target=\"_blank\" rel=\"noopener\" style=\"transition-property: all; background-color: rgb(255, 255, 255); color: rgb(24, 35, 78);\">Charte RGPD<\/a>&nbsp;compl\u00e8te.<\/p>\n<h2>Lien vers la Charte RGPD<\/h2>\n<p>Pour consulter la version compl\u00e8te et d\u00e9taill\u00e9e de nos pratiques de traitement des donn\u00e9es personnelles cliquez&nbsp;<em><strong><a href=\"https:\/\/defi4.fr\/en\/charte-de-protection-des-donnees-personnelles\/\" target=\"_blank\" rel=\"noopener\">ici<\/a><\/strong><\/em>.<\/p>\n<p><!-- \/wp:paragraph --><\/p>\t\t\t\t\t\t\t\t<\/div>\n\t\t\t\t<\/div>\n\t\t\t\t\t<\/div>\n\t\t\t\t<\/div>\n\t\t\t\t<\/div>","protected":false},"excerpt":{"rendered":"<p>POLITIQUE DE CONFIDENTIALIT\u00c9 La pr\u00e9sente politique de confidentialit\u00e9 a pour objectif d\u2019informer les utilisateurs du site https:\/\/defi4.fr sur la mani\u00e8re dont leurs donn\u00e9es personnelles sont collect\u00e9es, utilis\u00e9es et prot\u00e9g\u00e9es, conform\u00e9ment au R\u00e8glement G\u00e9n\u00e9ral sur la Protection des Donn\u00e9es (RGPD). Responsable &hellip; <\/p>","protected":false},"author":1,"featured_media":0,"parent":0,"menu_order":0,"comment_status":"closed","ping_status":"open","template":"elementor_header_footer","meta":{"pmpro_default_level":"","_monsterinsights_skip_tracking":false,"_monsterinsights_sitenote_active":false,"_monsterinsights_sitenote_note":"","_monsterinsights_sitenote_category":0,"footnotes":""},"class_list":["post-3","page","type-page","status-publish","hentry","pmpro-has-access"],"_links":{"self":[{"href":"https:\/\/defi4.fr\/en\/wp-json\/wp\/v2\/pages\/3","targetHints":{"allow":["GET"]}}],"collection":[{"href":"https:\/\/defi4.fr\/en\/wp-json\/wp\/v2\/pages"}],"about":[{"href":"https:\/\/defi4.fr\/en\/wp-json\/wp\/v2\/types\/page"}],"author":[{"embeddable":true,"href":"https:\/\/defi4.fr\/en\/wp-json\/wp\/v2\/users\/1"}],"replies":[{"embeddable":true,"href":"https:\/\/defi4.fr\/en\/wp-json\/wp\/v2\/comments?post=3"}],"version-history":[{"count":25,"href":"https:\/\/defi4.fr\/en\/wp-json\/wp\/v2\/pages\/3\/revisions"}],"predecessor-version":[{"id":24608,"href":"https:\/\/defi4.fr\/en\/wp-json\/wp\/v2\/pages\/3\/revisions\/24608"}],"wp:attachment":[{"href":"https:\/\/defi4.fr\/en\/wp-json\/wp\/v2\/media?parent=3"}],"curies":[{"name":"wp","href":"https:\/\/api.w.org\/{rel}","templated":true}]}}